{"id":6043,"date":"2022-03-08T13:15:48","date_gmt":"2022-03-08T12:15:48","guid":{"rendered":"https:\/\/taxusreels.com\/?page_id=6043"},"modified":"2022-03-11T09:35:06","modified_gmt":"2022-03-11T08:35:06","slug":"aviso-legal","status":"publish","type":"page","link":"https:\/\/taxusreels.com\/en\/aviso-legal\/","title":{"rendered":"Legal warning"},"content":{"rendered":"<div data-elementor-type=\"wp-page\" data-elementor-id=\"6043\" class=\"elementor elementor-6043\" data-elementor-post-type=\"page\">\n\t\t\t\t\t\t<section class=\"elementor-section elementor-top-section elementor-element elementor-element-857f027 elementor-section-boxed elementor-section-height-default elementor-section-height-default\" data-id=\"857f027\" data-element_type=\"section\" data-e-type=\"section\" data-settings=\"{&quot;jet_parallax_layout_list&quot;:[],&quot;background_background&quot;:&quot;gradient&quot;,&quot;shape_divider_bottom&quot;:&quot;tilt&quot;}\">\n\t\t\t\t\t\t\t<div class=\"elementor-background-overlay\"><\/div>\n\t\t\t\t\t\t<div class=\"elementor-shape elementor-shape-bottom\" aria-hidden=\"true\" data-negative=\"false\">\n\t\t\t<svg xmlns=\"http:\/\/www.w3.org\/2000\/svg\" viewbox=\"0 0 1000 100\" preserveaspectratio=\"none\">\n\t<path class=\"elementor-shape-fill\" d=\"M0,6V0h1000v100L0,6z\"\/>\n<\/svg>\t\t<\/div>\n\t\t\t\t\t<div class=\"elementor-container elementor-column-gap-default\">\n\t\t\t\t\t<div class=\"elementor-column elementor-col-100 elementor-top-column elementor-element elementor-element-a1b367f\" data-id=\"a1b367f\" data-element_type=\"column\" data-e-type=\"column\">\n\t\t\t<div class=\"elementor-widget-wrap\">\n\t\t\t\t\t\t\t<\/div>\n\t\t<\/div>\n\t\t\t\t\t<\/div>\n\t\t<\/section>\n\t\t\t\t<section class=\"elementor-section elementor-top-section elementor-element elementor-element-0500301 elementor-section-boxed elementor-section-height-default elementor-section-height-default\" data-id=\"0500301\" data-element_type=\"section\" data-e-type=\"section\" data-settings=\"{&quot;jet_parallax_layout_list&quot;:[],&quot;background_background&quot;:&quot;classic&quot;}\">\n\t\t\t\t\t\t\t<div class=\"elementor-background-overlay\"><\/div>\n\t\t\t\t\t\t\t<div class=\"elementor-container elementor-column-gap-default\">\n\t\t\t\t\t<div class=\"elementor-column elementor-col-100 elementor-top-column elementor-element elementor-element-5d9897e\" data-id=\"5d9897e\" data-element_type=\"column\" data-e-type=\"column\" data-settings=\"{&quot;background_background&quot;:&quot;classic&quot;,&quot;animation&quot;:&quot;none&quot;}\">\n\t\t\t<div class=\"elementor-widget-wrap elementor-element-populated\">\n\t\t\t\t\t<div class=\"elementor-background-overlay\"><\/div>\n\t\t\t\t\t\t<div class=\"elementor-element elementor-element-aec8d3e elementor-widget elementor-widget-heading\" data-id=\"aec8d3e\" data-element_type=\"widget\" data-e-type=\"widget\" data-widget_type=\"heading.default\">\n\t\t\t\t<div class=\"elementor-widget-container\">\n\t\t\t\t\t<h2 class=\"elementor-heading-title elementor-size-xxl\">Legal warning<\/h2>\t\t\t\t<\/div>\n\t\t\t\t<\/div>\n\t\t\t\t<div class=\"elementor-element elementor-element-da84945 elementor-widget elementor-widget-heading\" data-id=\"da84945\" data-element_type=\"widget\" data-e-type=\"widget\" data-widget_type=\"heading.default\">\n\t\t\t\t<div class=\"elementor-widget-container\">\n\t\t\t\t\t<h3 class=\"elementor-heading-title elementor-size-default\">Legal notice and intellectual and industrial property<\/h3>\t\t\t\t<\/div>\n\t\t\t\t<\/div>\n\t\t\t\t\t<\/div>\n\t\t<\/div>\n\t\t\t\t\t<\/div>\n\t\t<\/section>\n\t\t\t\t<section class=\"elementor-section elementor-top-section elementor-element elementor-element-60adcf7 elementor-section-boxed elementor-section-height-default elementor-section-height-default\" data-id=\"60adcf7\" data-element_type=\"section\" data-e-type=\"section\" data-settings=\"{&quot;jet_parallax_layout_list&quot;:[]}\">\n\t\t\t\t\t\t<div class=\"elementor-container elementor-column-gap-default\">\n\t\t\t\t\t<div class=\"elementor-column elementor-col-100 elementor-top-column elementor-element elementor-element-c76018e\" data-id=\"c76018e\" data-element_type=\"column\" data-e-type=\"column\">\n\t\t\t<div class=\"elementor-widget-wrap elementor-element-populated\">\n\t\t\t\t\t\t<div class=\"elementor-element elementor-element-ece814b elementor-widget elementor-widget-text-editor\" data-id=\"ece814b\" data-element_type=\"widget\" data-e-type=\"widget\" data-widget_type=\"text-editor.default\">\n\t\t\t\t<div class=\"elementor-widget-container\">\n\t\t\t\t\t\t\t\t\t<p>The design of the portal and its source codes, as well as the logos, trademarks and other distinctive signs that appear in it belong to (TAXUS&amp;REELS SL) and are protected by the corresponding intellectual and industrial property rights.<\/p><h3><strong>Responsibility for the contents<\/strong><\/h3><p><strong>\u00a0<\/strong>TAXUS&amp;REELS SL is not responsible for the legality of other third-party websites from which the portal can be accessed. Nor is it responsible for the legality of other third-party websites, which may be linked or linked from this portal.<\/p><p>TAXUS&amp;REELS SL will not be responsible for the use that third parties make of the information published on the portal, nor for the damages suffered or economic losses that, directly or indirectly, produce or may produce economic, material or data damages, caused by the use of such information.<\/p><h3><strong>Content Playback<\/strong><\/h3><p>By virtue of the provisions of the Intellectual Property Law, the reproduction, distribution and public communication of all or part of the contents of this web page are expressly prohibited, for commercial purposes in any medium, and by any technical means, without the authorization of TAXUS&amp;REELS SL.<\/p><h3><strong>Applicable Law<\/strong><\/h3><p>TAXUS&amp;REELS SL reserves the right to present civil or criminal actions that it deems necessary for the improper use of the website and its contents, or for the breach of these conditions.<\/p><p>The relationship between the user and TAXUS&amp;REELS SL will be governed by the regulations in force and applicable in the national territory. If any controversy arises in relation to the interpretation and\/or application of these conditions, the parties will submit the conflicts to the ordinary jurisdiction, submitting to the corresponding Judges and Courts according to Law.<\/p><p>Likewise, we inform you that there is a free out-of-court dispute resolution procedure accessible to all citizens, it is the European Union&#039;s online dispute resolution platform, accessible through the\u00a0<a href=\"https:\/\/ec.europa.eu\/consumers\/odr\/main\/?event=main.home2.show.\">following link.<\/a><\/p><h3><strong>cookies<\/strong><\/h3><p>In the case of using &quot;cookie&quot; technology on the web, it has a specific section that informs you about its existence as well as its use policy. See the &quot;Cookie Policy&quot; section. Otherwise, navigation cookies are not used.<\/p><h3><strong>Personal data of minors<\/strong><\/h3><p>This website is not directed to minor users. If you are a minor, please do not attempt to register as a user. If we discover that we have mistakenly obtained personal information from a minor, we will delete that information as soon as possible.<\/p><h3><strong>Exercise of data protection rights<\/strong><\/h3><p>In accordance with the rights conferred by current regulations on the protection of personal data, the user may exercise the rights of access, rectification, limitation of treatment, deletion, portability and opposition to the processing of their data by directing their request to the postal address indicated or email\u00a0<a href=\"mailto:ADM@TAXUSREELS.COM\">ADM@TAXUSREELS.COM<\/a><\/p><p>To exercise the rights, you must identify yourself by presenting your DNI. For any claim you can go to the same email indicated. You can also contact the Spanish Data Protection Agency:\u00a0<a href=\"https:\/\/www.aepd.es\/es\">www.aepd.es<\/a><\/p>\t\t\t\t\t\t\t\t<\/div>\n\t\t\t\t<\/div>\n\t\t\t\t\t<\/div>\n\t\t<\/div>\n\t\t\t\t\t<\/div>\n\t\t<\/section>\n\t\t\t\t<\/div>","protected":false},"excerpt":{"rendered":"<p>Aviso Legal Aviso legal y propiedad intelectual e industrial El dise\u00f1o del portal y sus c\u00f3digos fuente, as\u00ed como los logos, marcas y dem\u00e1s signos distintivos que aparecen en el mismo pertenecen a (TAXUS&amp;REELS SL) y est\u00e1n protegidos por los correspondientes derechos de propiedad intelectual e industrial. Responsabilidad de los contenidos &nbsp;TAXUS&amp;REELS SL no se [&hellip;]<\/p>\n","protected":false},"author":3,"featured_media":0,"parent":0,"menu_order":0,"comment_status":"closed","ping_status":"closed","template":"","meta":{"_monsterinsights_skip_tracking":false,"_monsterinsights_sitenote_active":false,"_monsterinsights_sitenote_note":"","_monsterinsights_sitenote_category":0,"footnotes":""},"class_list":["post-6043","page","type-page","status-publish","hentry"],"yoast_head":"<!-- This site is optimized with the Yoast SEO plugin v27.4 - https:\/\/yoast.com\/product\/yoast-seo-wordpress\/ -->\n<title>Aviso Legal - Taxus&amp;Reels<\/title>\n<meta name=\"robots\" content=\"noindex, follow\" \/>\n<meta property=\"og:locale\" content=\"en_GB\" \/>\n<meta property=\"og:type\" content=\"article\" \/>\n<meta property=\"og:title\" content=\"Aviso Legal - Taxus&amp;Reels\" \/>\n<meta property=\"og:description\" content=\"Aviso Legal Aviso legal y propiedad intelectual e industrial El dise\u00f1o del portal y sus c\u00f3digos fuente, as\u00ed como los logos, marcas y dem\u00e1s signos distintivos que aparecen en el mismo pertenecen a (TAXUS&amp;REELS SL) y est\u00e1n protegidos por los correspondientes derechos de propiedad intelectual e industrial. Responsabilidad de los contenidos &nbsp;TAXUS&amp;REELS SL no se [&hellip;]\" \/>\n<meta property=\"og:url\" content=\"https:\/\/taxusreels.com\/en\/aviso-legal\/\" \/>\n<meta property=\"og:site_name\" content=\"Taxus&amp;Reels\" \/>\n<meta property=\"article:modified_time\" content=\"2022-03-11T08:35:06+00:00\" \/>\n<meta name=\"twitter:card\" content=\"summary_large_image\" \/>\n<meta name=\"twitter:label1\" content=\"Estimated reading time\" \/>\n\t<meta name=\"twitter:data1\" content=\"3 minutes\" \/>\n<script type=\"application\/ld+json\" class=\"yoast-schema-graph\">{\"@context\":\"https:\\\/\\\/schema.org\",\"@graph\":[{\"@type\":\"WebPage\",\"@id\":\"https:\\\/\\\/taxusreels.com\\\/aviso-legal\\\/\",\"url\":\"https:\\\/\\\/taxusreels.com\\\/aviso-legal\\\/\",\"name\":\"Aviso Legal - Taxus&amp;Reels\",\"isPartOf\":{\"@id\":\"https:\\\/\\\/taxusreels.com\\\/#website\"},\"datePublished\":\"2022-03-08T12:15:48+00:00\",\"dateModified\":\"2022-03-11T08:35:06+00:00\",\"breadcrumb\":{\"@id\":\"https:\\\/\\\/taxusreels.com\\\/aviso-legal\\\/#breadcrumb\"},\"inLanguage\":\"en-GB\",\"potentialAction\":[{\"@type\":\"ReadAction\",\"target\":[\"https:\\\/\\\/taxusreels.com\\\/aviso-legal\\\/\"]}]},{\"@type\":\"BreadcrumbList\",\"@id\":\"https:\\\/\\\/taxusreels.com\\\/aviso-legal\\\/#breadcrumb\",\"itemListElement\":[{\"@type\":\"ListItem\",\"position\":1,\"name\":\"Portada\",\"item\":\"https:\\\/\\\/taxusreels.com\\\/\"},{\"@type\":\"ListItem\",\"position\":2,\"name\":\"Aviso Legal\"}]},{\"@type\":\"WebSite\",\"@id\":\"https:\\\/\\\/taxusreels.com\\\/#website\",\"url\":\"https:\\\/\\\/taxusreels.com\\\/\",\"name\":\"Taxus&amp;Reels\",\"description\":\"Bioseguridad, desinfecci\u00f3n y control de plagas\",\"publisher\":{\"@id\":\"https:\\\/\\\/taxusreels.com\\\/#organization\"},\"potentialAction\":[{\"@type\":\"SearchAction\",\"target\":{\"@type\":\"EntryPoint\",\"urlTemplate\":\"https:\\\/\\\/taxusreels.com\\\/?s={search_term_string}\"},\"query-input\":{\"@type\":\"PropertyValueSpecification\",\"valueRequired\":true,\"valueName\":\"search_term_string\"}}],\"inLanguage\":\"en-GB\"},{\"@type\":\"Organization\",\"@id\":\"https:\\\/\\\/taxusreels.com\\\/#organization\",\"name\":\"Taxus&Reels\",\"url\":\"https:\\\/\\\/taxusreels.com\\\/\",\"logo\":{\"@type\":\"ImageObject\",\"inLanguage\":\"en-GB\",\"@id\":\"https:\\\/\\\/taxusreels.com\\\/#\\\/schema\\\/logo\\\/image\\\/\",\"url\":\"https:\\\/\\\/taxus-reels-a.c.wetopi.com\\\/wp-content\\\/uploads\\\/2022\\\/03\\\/logo_taxusreels_250x220.png\",\"contentUrl\":\"https:\\\/\\\/taxus-reels-a.c.wetopi.com\\\/wp-content\\\/uploads\\\/2022\\\/03\\\/logo_taxusreels_250x220.png\",\"width\":250,\"height\":220,\"caption\":\"Taxus&Reels\"},\"image\":{\"@id\":\"https:\\\/\\\/taxusreels.com\\\/#\\\/schema\\\/logo\\\/image\\\/\"}}]}<\/script>\n<!-- \/ Yoast SEO plugin. -->","yoast_head_json":{"title":"Legal Notice - Taxus&amp;Reels","robots":{"index":"noindex","follow":"follow"},"og_locale":"en_GB","og_type":"article","og_title":"Aviso Legal - Taxus&amp;Reels","og_description":"Aviso Legal Aviso legal y propiedad intelectual e industrial El dise\u00f1o del portal y sus c\u00f3digos fuente, as\u00ed como los logos, marcas y dem\u00e1s signos distintivos que aparecen en el mismo pertenecen a (TAXUS&amp;REELS SL) y est\u00e1n protegidos por los correspondientes derechos de propiedad intelectual e industrial. Responsabilidad de los contenidos &nbsp;TAXUS&amp;REELS SL no se [&hellip;]","og_url":"https:\/\/taxusreels.com\/en\/aviso-legal\/","og_site_name":"Taxus&amp;Reels","article_modified_time":"2022-03-11T08:35:06+00:00","twitter_card":"summary_large_image","twitter_misc":{"Estimated reading time":"3 minutes"},"schema":{"@context":"https:\/\/schema.org","@graph":[{"@type":"WebPage","@id":"https:\/\/taxusreels.com\/aviso-legal\/","url":"https:\/\/taxusreels.com\/aviso-legal\/","name":"Legal Notice - Taxus&amp;Reels","isPartOf":{"@id":"https:\/\/taxusreels.com\/#website"},"datePublished":"2022-03-08T12:15:48+00:00","dateModified":"2022-03-11T08:35:06+00:00","breadcrumb":{"@id":"https:\/\/taxusreels.com\/aviso-legal\/#breadcrumb"},"inLanguage":"en-GB","potentialAction":[{"@type":"ReadAction","target":["https:\/\/taxusreels.com\/aviso-legal\/"]}]},{"@type":"BreadcrumbList","@id":"https:\/\/taxusreels.com\/aviso-legal\/#breadcrumb","itemListElement":[{"@type":"ListItem","position":1,"name":"Portada","item":"https:\/\/taxusreels.com\/"},{"@type":"ListItem","position":2,"name":"Aviso Legal"}]},{"@type":"WebSite","@id":"https:\/\/taxusreels.com\/#website","url":"https:\/\/taxusreels.com\/","name":"Taxus&amp;Reels","description":"Biosecurity, disinfection and pest control","publisher":{"@id":"https:\/\/taxusreels.com\/#organization"},"potentialAction":[{"@type":"SearchAction","target":{"@type":"EntryPoint","urlTemplate":"https:\/\/taxusreels.com\/?s={search_term_string}"},"query-input":{"@type":"PropertyValueSpecification","valueRequired":true,"valueName":"search_term_string"}}],"inLanguage":"en-GB"},{"@type":"Organization","@id":"https:\/\/taxusreels.com\/#organization","name":"Taxus&amp;Reels","url":"https:\/\/taxusreels.com\/","logo":{"@type":"ImageObject","inLanguage":"en-GB","@id":"https:\/\/taxusreels.com\/#\/schema\/logo\/image\/","url":"https:\/\/taxus-reels-a.c.wetopi.com\/wp-content\/uploads\/2022\/03\/logo_taxusreels_250x220.png","contentUrl":"https:\/\/taxus-reels-a.c.wetopi.com\/wp-content\/uploads\/2022\/03\/logo_taxusreels_250x220.png","width":250,"height":220,"caption":"Taxus&Reels"},"image":{"@id":"https:\/\/taxusreels.com\/#\/schema\/logo\/image\/"}}]}},"_links":{"self":[{"href":"https:\/\/taxusreels.com\/en\/wp-json\/wp\/v2\/pages\/6043","targetHints":{"allow":["GET"]}}],"collection":[{"href":"https:\/\/taxusreels.com\/en\/wp-json\/wp\/v2\/pages"}],"about":[{"href":"https:\/\/taxusreels.com\/en\/wp-json\/wp\/v2\/types\/page"}],"author":[{"embeddable":true,"href":"https:\/\/taxusreels.com\/en\/wp-json\/wp\/v2\/users\/3"}],"replies":[{"embeddable":true,"href":"https:\/\/taxusreels.com\/en\/wp-json\/wp\/v2\/comments?post=6043"}],"version-history":[{"count":3,"href":"https:\/\/taxusreels.com\/en\/wp-json\/wp\/v2\/pages\/6043\/revisions"}],"predecessor-version":[{"id":6194,"href":"https:\/\/taxusreels.com\/en\/wp-json\/wp\/v2\/pages\/6043\/revisions\/6194"}],"wp:attachment":[{"href":"https:\/\/taxusreels.com\/en\/wp-json\/wp\/v2\/media?parent=6043"}],"curies":[{"name":"wp","href":"https:\/\/api.w.org\/{rel}","templated":true}]}}