{"id":3,"date":"2022-02-01T10:43:00","date_gmt":"2022-02-01T09:43:00","guid":{"rendered":"https:\/\/taxusreels.com\/?page_id=3"},"modified":"2022-06-28T11:39:11","modified_gmt":"2022-06-28T09:39:11","slug":"politica-privacidad","status":"publish","type":"page","link":"https:\/\/taxusreels.com\/en\/politica-privacidad\/","title":{"rendered":"Privacy Policy"},"content":{"rendered":"<div data-elementor-type=\"wp-page\" data-elementor-id=\"3\" class=\"elementor elementor-3\" data-elementor-post-type=\"page\">\n\t\t\t\t\t\t<section class=\"elementor-section elementor-top-section elementor-element elementor-element-857f027 elementor-section-boxed elementor-section-height-default elementor-section-height-default\" data-id=\"857f027\" data-element_type=\"section\" data-e-type=\"section\" data-settings=\"{&quot;jet_parallax_layout_list&quot;:[],&quot;background_background&quot;:&quot;gradient&quot;,&quot;shape_divider_bottom&quot;:&quot;tilt&quot;}\">\n\t\t\t\t\t\t\t<div class=\"elementor-background-overlay\"><\/div>\n\t\t\t\t\t\t<div class=\"elementor-shape elementor-shape-bottom\" aria-hidden=\"true\" data-negative=\"false\">\n\t\t\t<svg xmlns=\"http:\/\/www.w3.org\/2000\/svg\" viewbox=\"0 0 1000 100\" preserveaspectratio=\"none\">\n\t<path class=\"elementor-shape-fill\" d=\"M0,6V0h1000v100L0,6z\"\/>\n<\/svg>\t\t<\/div>\n\t\t\t\t\t<div class=\"elementor-container elementor-column-gap-default\">\n\t\t\t\t\t<div class=\"elementor-column elementor-col-100 elementor-top-column elementor-element elementor-element-a1b367f\" data-id=\"a1b367f\" data-element_type=\"column\" data-e-type=\"column\">\n\t\t\t<div class=\"elementor-widget-wrap\">\n\t\t\t\t\t\t\t<\/div>\n\t\t<\/div>\n\t\t\t\t\t<\/div>\n\t\t<\/section>\n\t\t\t\t<section class=\"elementor-section elementor-top-section elementor-element elementor-element-0500301 elementor-section-boxed elementor-section-height-default elementor-section-height-default\" data-id=\"0500301\" data-element_type=\"section\" data-e-type=\"section\" data-settings=\"{&quot;jet_parallax_layout_list&quot;:[],&quot;background_background&quot;:&quot;classic&quot;}\">\n\t\t\t\t\t\t\t<div class=\"elementor-background-overlay\"><\/div>\n\t\t\t\t\t\t\t<div class=\"elementor-container elementor-column-gap-default\">\n\t\t\t\t\t<div class=\"elementor-column elementor-col-100 elementor-top-column elementor-element elementor-element-5d9897e\" data-id=\"5d9897e\" data-element_type=\"column\" data-e-type=\"column\" data-settings=\"{&quot;background_background&quot;:&quot;classic&quot;,&quot;animation&quot;:&quot;none&quot;}\">\n\t\t\t<div class=\"elementor-widget-wrap elementor-element-populated\">\n\t\t\t\t\t<div class=\"elementor-background-overlay\"><\/div>\n\t\t\t\t\t\t<div class=\"elementor-element elementor-element-aec8d3e elementor-widget elementor-widget-heading\" data-id=\"aec8d3e\" data-element_type=\"widget\" data-e-type=\"widget\" data-widget_type=\"heading.default\">\n\t\t\t\t<div class=\"elementor-widget-container\">\n\t\t\t\t\t<h2 class=\"elementor-heading-title elementor-size-xxl\">Privacy Policy<\/h2>\t\t\t\t<\/div>\n\t\t\t\t<\/div>\n\t\t\t\t<div class=\"elementor-element elementor-element-da84945 elementor-widget elementor-widget-heading\" data-id=\"da84945\" data-element_type=\"widget\" data-e-type=\"widget\" data-widget_type=\"heading.default\">\n\t\t\t\t<div class=\"elementor-widget-container\">\n\t\t\t\t\t<h3 class=\"elementor-heading-title elementor-size-default\">Privacy Policy and Data Protection Officer<\/h3>\t\t\t\t<\/div>\n\t\t\t\t<\/div>\n\t\t\t\t\t<\/div>\n\t\t<\/div>\n\t\t\t\t\t<\/div>\n\t\t<\/section>\n\t\t\t\t<section class=\"elementor-section elementor-top-section elementor-element elementor-element-60adcf7 elementor-section-boxed elementor-section-height-default elementor-section-height-default\" data-id=\"60adcf7\" data-element_type=\"section\" data-e-type=\"section\" data-settings=\"{&quot;jet_parallax_layout_list&quot;:[]}\">\n\t\t\t\t\t\t<div class=\"elementor-container elementor-column-gap-default\">\n\t\t\t\t\t<div class=\"elementor-column elementor-col-100 elementor-top-column elementor-element elementor-element-c76018e\" data-id=\"c76018e\" data-element_type=\"column\" data-e-type=\"column\">\n\t\t\t<div class=\"elementor-widget-wrap elementor-element-populated\">\n\t\t\t\t\t\t<div class=\"elementor-element elementor-element-ece814b elementor-widget elementor-widget-text-editor\" data-id=\"ece814b\" data-element_type=\"widget\" data-e-type=\"widget\" data-widget_type=\"text-editor.default\">\n\t\t\t\t<div class=\"elementor-widget-container\">\n\t\t\t\t\t\t\t\t\t<p>The owner is responsible for the personal data that is collected by browsing and using this website in accordance with the requirements established by the\u00a0<strong>REGULATION (EU) 2016\/679\u00a0<\/strong>regarding the protection of data of natural persons as well as in accordance with the\u00a0<strong>Law 34\/2002 of July 11 on Services of the Information Society and Electronic Commerce (LSSI-CE)\u00a0<\/strong>.<\/p><p>By using this website, we understand that you have read and understood the information that is exposed in relation to the processing of your personal data.<\/p><h3><strong>Data protection policy\u00a0<\/strong><\/h3><p>The person in charge applies the principle of active responsibility in the processing of personal data, maintaining a constant update and promotion of the continuous improvement of the data protection system in accordance with the legal requirements, guaranteeing in all cases:<\/p><ul><li>respect for the freedoms and fundamental rights of natural persons<\/li><li>that the data is processed lawfully, fairly and transparently<\/li><li>that the data processed is accurate, adequate, relevant and limited in relation to the purposes for which they are collected<\/li><li>that the purposes for which they are collected are explicit and legitimate and that they are not processed in a manner incompatible with those purposes<\/li><\/ul><p>The purpose of this document is to inform users about what we do with their personal data, how it is collected, what it is used for, the rights that assist them as well as all the necessary legal information established by current regulations.<\/p><h3><strong>Data collected, purpose and legality<\/strong><\/h3><p>The personal data processed are those provided by users through the forms available on this website and are the minimum required to be able to:<\/p><ul><li>send you information about our products\/services<\/li><li>answer queries.<\/li><li>process orders, as well as being able to prepare the corresponding invoices, report on the status of orders, deal with claims and any other management derived from the provision of the service carried out through this website.<\/li><\/ul><p>These purposes are based on legal principles of data processing collected by current regulations: for the execution of a contract or the provision of a service to users, for the fulfillment of legal obligations, for legitimate interest and with the consent of the users.<\/p><h3><strong>webforms<\/strong><\/h3><p>The personal data collected through the\u00a0 <strong>contact web form\u00a0<\/strong>They are used to be able to attend to any query that the user makes through it.<\/p><p>The personal data collected in the\u00a0<strong>order form\u00a0<\/strong>They have the purpose of processing the necessary data for the correct management of your orders.<\/p><p>The treatment of the data is legitimized by the consent that you give us by expressly accepting the treatment conditions informed through this privacy policy.<\/p><h3><strong>Data recipients<\/strong><\/h3><p>The personal data obtained through the web forms are recorded and stored in electronic media controlled and supervised by the data controller.<\/p><p>Your personal data will not be communicated to third parties, with the exception that said communication of data is covered by a legal obligation or when for the correct provision of the service or the execution of the contract it is necessary to communicate your data to third parties to be able to make the payment ( payment gateways), as well as manage the deliveries of the products (carriers) covered by said assignment in the needs of the service. Payment through other payment gateways, we recommend the user to read the privacy policy to understand how it handles personal information, for example:<\/p><p>Redsys Servicios de Procesamiento, SL (\u201cRedsys\u201d), domiciled in Madrid, calle Francisco Sancha, number 12, and with CIF number B-85955367, which fully complies with current legislation on the protection of personal data and with the confidentiality commitments inherent to its activity. Redsys has adopted the necessary technical measures to maintain the required level of security. You can see their privacy policy\u00a0 <a href=\"https:\/\/www.redsys.es\/legal\/20180223_politica_de_privacidad_web_publica_redsys.pdf\">here.\u00a0<\/a>\u00a0<\/p><p>PayPal (Europe) S.\u00e0.rl et Cie, SCA (RCS Luxembourg B 118 349), whose privacy policy establishes the appropriate security measures for the correct treatment of users&#039; personal data. You can see their privacy policy\u00a0 <a href=\"https:\/\/www.paypal.com\/es\/webapps\/mpp\/ua\/privacy-full?locale.x=es_ES#1\">here.<\/a><\/p><p>For cases in which the communication of data to third parties is not covered by the legal bases established in the previous section, the communication of data to other recipients will only be carried out if the user has given their express consent.<\/p><p>Strict criteria are maintained for the selection of treatment managers and the contractual commitment with each of them to comply with and enforce the obligations established in terms of data protection.<\/p><p>In the event that there are international data transfers, TAXUS REELS SL will guarantee that the transfer of your personal data is carried out in accordance with the applicable privacy laws and, in particular, that the necessary contractual, technical and organizational measures are applied, such as those standard contractual clauses approved by the European Commission.<\/p><p>You can obtain more information about the treatment of personal data of our organization by requesting it <a href=\"mailto: info@taxusreels.com\">HERE<\/a><\/p><h3><strong>Technical and organizational data protection measures<\/strong><\/h3><p>The media have the necessary technical and organizational measures that guarantee the confidentiality and conservation of personal data obtained through the web.<\/p><p>The personal data collected from the web is processed through HTML protocol with a valid SSL certificate.<\/p><p>The personnel involved in the data processing operations: access, editing, deletion, etc\u2026 is trained for it, trained and committed to this data protection policy.<\/p><h3><strong>Data retention<\/strong><\/h3><p><strong>\u00a0<\/strong>The personal data obtained through the contact form will be kept for the time necessary to attend to the request\/query made.<\/p><p>The personal data obtained through the order form will be kept as long as there is a contractual and\/or commercial relationship with you or as long as you do not exercise your right to suppress, cancel and\/or limit the processing of your data.<\/p><p>Once the contractual relationship has expired, we will keep the information duly blocked, without giving it any use, as long as it may be necessary for the exercise or defense of claims or some type of judicial, legal or contractual responsibility may arise from its treatment, which must be attended to and for which recovery is necessary.<\/p><p>In the event that you have expressly accepted the sending of commercial information, we will keep your contact data until you notify us of your decision to cancel said commercial shipments.<\/p><h3><strong>Information about the existence of automated decisions (including profiling)<\/strong><\/h3><p>We do not normally make automatic decisions, but when we do we will make it clear that such a decision is being made. However, TAXUS REELS SL collects several sections dedicated to the personalization of services in order to display personalized advertising when entering its website and also for sending personalized communications.<\/p><p>TAXUS REELS SL recognizes the possibility of profiling to improve its product offer or personalize the sending of commercial offers or give a more personalized treatment to the customer.<\/p><h3><strong>Opposition to data being processed for advertising purposes<\/strong><\/h3><p>If you gave your consent to use your data for advertising purposes and do not wish to continue receiving advertising, you can revoke the consent given at any time and by sending an email to<a href=\"mailto: info@taxusreels.com\"> our email.<\/a><\/p><h3><strong>Changes in the Privacy Policy<\/strong><\/h3><p>We may modify the information contained in this Privacy and Cookies Policy when we deem it appropriate. In case we do, we will notify you in different ways through the Platform (for example, through a banner, a pop-up or a push notification), or we will even notify you to your email address when the change in question is significant for your privacy, so that you can review the changes, assess them and, where appropriate, oppose or unsubscribe from any service or functionality. In any case, we suggest that you review this Privacy and Cookies Policy from time to time in case there are minor changes or we introduce any interactive improvement.<\/p><h3><strong>Biosafety and disinfection services<\/strong><\/h3><p>Taxus&amp;Reels is a company of<strong>\u00a0bioservices<\/strong>, with our work we want to give<strong>\u00a0solution and follow-up<\/strong>\u00a0to the challenges generated daily in the different areas of the<strong>\u00a0animal production, food industry<\/strong>,\u00a0<strong>public health<\/strong>\u00a0and\u00a0<strong>environmental hygiene<\/strong>, as well as in\u00a0 <strong>plant Defense,\u00a0<\/strong>in Catalonia and Aragon.<\/p><h3><strong>Contact<\/strong><\/h3><ul><li><a href=\"https:\/\/www.google.com\/maps\/dir\/biozoomedic\/data=!4m6!4m5!1m1!4e2!1m2!1m1!1s0xd4713374535f80d:0xb64b7dfa5b982a63?sa=X&amp;ved=2ahUKEwjniZL915r0AhVuDmMBHdnjBYEQ9Rd6BAgwEAU\">Pol.<\/a> Ind. Cam\u00ed dels Frares c\/C 23<\/li><li>info@taxusreels.com<\/li><li>973 25 70 61<\/li><\/ul><ul><li>ROESP Number: 0090CAT-EL 0090CAT-SL<\/li><\/ul>\t\t\t\t\t\t\t\t<\/div>\n\t\t\t\t<\/div>\n\t\t\t\t\t<\/div>\n\t\t<\/div>\n\t\t\t\t\t<\/div>\n\t\t<\/section>\n\t\t\t\t<\/div>","protected":false},"excerpt":{"rendered":"<p>Pol\u00edtica de Privacidad Pol\u00edtica de privacidad y responsable de la protecci\u00f3n de datos El titular es el responsable de los datos personales que son recabados por la navegaci\u00f3n y uso de esta web conforme a los requisitos establecidos por el\u00a0REGLAMENTO (UE) 2016\/679\u00a0relativo a la protecci\u00f3n de datos de las personas f\u00edsicas as\u00ed como conforme a [&hellip;]<\/p>\n","protected":false},"author":2,"featured_media":0,"parent":0,"menu_order":0,"comment_status":"closed","ping_status":"closed","template":"","meta":{"_monsterinsights_skip_tracking":false,"_monsterinsights_sitenote_active":false,"_monsterinsights_sitenote_note":"","_monsterinsights_sitenote_category":0,"footnotes":""},"class_list":["post-3","page","type-page","status-publish","hentry"],"yoast_head":"<!-- This site is optimized with the Yoast SEO plugin v27.4 - https:\/\/yoast.com\/product\/yoast-seo-wordpress\/ -->\n<title>Pol\u00edtica de privacidad - Taxus&amp;Reels<\/title>\n<meta name=\"robots\" content=\"noindex, follow\" \/>\n<meta property=\"og:locale\" content=\"en_GB\" \/>\n<meta property=\"og:type\" content=\"article\" \/>\n<meta property=\"og:title\" content=\"Pol\u00edtica de privacidad - Taxus&amp;Reels\" \/>\n<meta property=\"og:description\" content=\"Pol\u00edtica de Privacidad Pol\u00edtica de privacidad y responsable de la protecci\u00f3n de datos El titular es el responsable de los datos personales que son recabados por la navegaci\u00f3n y uso de esta web conforme a los requisitos establecidos por el\u00a0REGLAMENTO (UE) 2016\/679\u00a0relativo a la protecci\u00f3n de datos de las personas f\u00edsicas as\u00ed como conforme a [&hellip;]\" \/>\n<meta property=\"og:url\" content=\"https:\/\/taxusreels.com\/en\/politica-privacidad\/\" \/>\n<meta property=\"og:site_name\" content=\"Taxus&amp;Reels\" \/>\n<meta property=\"article:modified_time\" content=\"2022-06-28T09:39:11+00:00\" \/>\n<meta name=\"twitter:card\" content=\"summary_large_image\" \/>\n<meta name=\"twitter:label1\" content=\"Estimated reading time\" \/>\n\t<meta name=\"twitter:data1\" content=\"7 minutes\" \/>\n<script type=\"application\/ld+json\" class=\"yoast-schema-graph\">{\"@context\":\"https:\\\/\\\/schema.org\",\"@graph\":[{\"@type\":\"WebPage\",\"@id\":\"https:\\\/\\\/taxusreels.com\\\/politica-privacidad\\\/\",\"url\":\"https:\\\/\\\/taxusreels.com\\\/politica-privacidad\\\/\",\"name\":\"Pol\u00edtica de privacidad - Taxus&amp;Reels\",\"isPartOf\":{\"@id\":\"https:\\\/\\\/taxusreels.com\\\/#website\"},\"datePublished\":\"2022-02-01T09:43:00+00:00\",\"dateModified\":\"2022-06-28T09:39:11+00:00\",\"breadcrumb\":{\"@id\":\"https:\\\/\\\/taxusreels.com\\\/politica-privacidad\\\/#breadcrumb\"},\"inLanguage\":\"en-GB\",\"potentialAction\":[{\"@type\":\"ReadAction\",\"target\":[\"https:\\\/\\\/taxusreels.com\\\/politica-privacidad\\\/\"]}]},{\"@type\":\"BreadcrumbList\",\"@id\":\"https:\\\/\\\/taxusreels.com\\\/politica-privacidad\\\/#breadcrumb\",\"itemListElement\":[{\"@type\":\"ListItem\",\"position\":1,\"name\":\"Portada\",\"item\":\"https:\\\/\\\/taxusreels.com\\\/\"},{\"@type\":\"ListItem\",\"position\":2,\"name\":\"Pol\u00edtica de privacidad\"}]},{\"@type\":\"WebSite\",\"@id\":\"https:\\\/\\\/taxusreels.com\\\/#website\",\"url\":\"https:\\\/\\\/taxusreels.com\\\/\",\"name\":\"Taxus&amp;Reels\",\"description\":\"Bioseguridad, desinfecci\u00f3n y control de plagas\",\"publisher\":{\"@id\":\"https:\\\/\\\/taxusreels.com\\\/#organization\"},\"potentialAction\":[{\"@type\":\"SearchAction\",\"target\":{\"@type\":\"EntryPoint\",\"urlTemplate\":\"https:\\\/\\\/taxusreels.com\\\/?s={search_term_string}\"},\"query-input\":{\"@type\":\"PropertyValueSpecification\",\"valueRequired\":true,\"valueName\":\"search_term_string\"}}],\"inLanguage\":\"en-GB\"},{\"@type\":\"Organization\",\"@id\":\"https:\\\/\\\/taxusreels.com\\\/#organization\",\"name\":\"Taxus&Reels\",\"url\":\"https:\\\/\\\/taxusreels.com\\\/\",\"logo\":{\"@type\":\"ImageObject\",\"inLanguage\":\"en-GB\",\"@id\":\"https:\\\/\\\/taxusreels.com\\\/#\\\/schema\\\/logo\\\/image\\\/\",\"url\":\"https:\\\/\\\/taxus-reels-a.c.wetopi.com\\\/wp-content\\\/uploads\\\/2022\\\/03\\\/logo_taxusreels_250x220.png\",\"contentUrl\":\"https:\\\/\\\/taxus-reels-a.c.wetopi.com\\\/wp-content\\\/uploads\\\/2022\\\/03\\\/logo_taxusreels_250x220.png\",\"width\":250,\"height\":220,\"caption\":\"Taxus&Reels\"},\"image\":{\"@id\":\"https:\\\/\\\/taxusreels.com\\\/#\\\/schema\\\/logo\\\/image\\\/\"}}]}<\/script>\n<!-- \/ Yoast SEO plugin. -->","yoast_head_json":{"title":"Privacy Policy - Taxus&amp;Reels","robots":{"index":"noindex","follow":"follow"},"og_locale":"en_GB","og_type":"article","og_title":"Pol\u00edtica de privacidad - Taxus&amp;Reels","og_description":"Pol\u00edtica de Privacidad Pol\u00edtica de privacidad y responsable de la protecci\u00f3n de datos El titular es el responsable de los datos personales que son recabados por la navegaci\u00f3n y uso de esta web conforme a los requisitos establecidos por el\u00a0REGLAMENTO (UE) 2016\/679\u00a0relativo a la protecci\u00f3n de datos de las personas f\u00edsicas as\u00ed como conforme a [&hellip;]","og_url":"https:\/\/taxusreels.com\/en\/politica-privacidad\/","og_site_name":"Taxus&amp;Reels","article_modified_time":"2022-06-28T09:39:11+00:00","twitter_card":"summary_large_image","twitter_misc":{"Estimated reading time":"7 minutes"},"schema":{"@context":"https:\/\/schema.org","@graph":[{"@type":"WebPage","@id":"https:\/\/taxusreels.com\/politica-privacidad\/","url":"https:\/\/taxusreels.com\/politica-privacidad\/","name":"Privacy Policy - Taxus&amp;Reels","isPartOf":{"@id":"https:\/\/taxusreels.com\/#website"},"datePublished":"2022-02-01T09:43:00+00:00","dateModified":"2022-06-28T09:39:11+00:00","breadcrumb":{"@id":"https:\/\/taxusreels.com\/politica-privacidad\/#breadcrumb"},"inLanguage":"en-GB","potentialAction":[{"@type":"ReadAction","target":["https:\/\/taxusreels.com\/politica-privacidad\/"]}]},{"@type":"BreadcrumbList","@id":"https:\/\/taxusreels.com\/politica-privacidad\/#breadcrumb","itemListElement":[{"@type":"ListItem","position":1,"name":"Portada","item":"https:\/\/taxusreels.com\/"},{"@type":"ListItem","position":2,"name":"Pol\u00edtica de privacidad"}]},{"@type":"WebSite","@id":"https:\/\/taxusreels.com\/#website","url":"https:\/\/taxusreels.com\/","name":"Taxus&amp;Reels","description":"Biosecurity, disinfection and pest control","publisher":{"@id":"https:\/\/taxusreels.com\/#organization"},"potentialAction":[{"@type":"SearchAction","target":{"@type":"EntryPoint","urlTemplate":"https:\/\/taxusreels.com\/?s={search_term_string}"},"query-input":{"@type":"PropertyValueSpecification","valueRequired":true,"valueName":"search_term_string"}}],"inLanguage":"en-GB"},{"@type":"Organization","@id":"https:\/\/taxusreels.com\/#organization","name":"Taxus&amp;Reels","url":"https:\/\/taxusreels.com\/","logo":{"@type":"ImageObject","inLanguage":"en-GB","@id":"https:\/\/taxusreels.com\/#\/schema\/logo\/image\/","url":"https:\/\/taxus-reels-a.c.wetopi.com\/wp-content\/uploads\/2022\/03\/logo_taxusreels_250x220.png","contentUrl":"https:\/\/taxus-reels-a.c.wetopi.com\/wp-content\/uploads\/2022\/03\/logo_taxusreels_250x220.png","width":250,"height":220,"caption":"Taxus&Reels"},"image":{"@id":"https:\/\/taxusreels.com\/#\/schema\/logo\/image\/"}}]}},"_links":{"self":[{"href":"https:\/\/taxusreels.com\/en\/wp-json\/wp\/v2\/pages\/3","targetHints":{"allow":["GET"]}}],"collection":[{"href":"https:\/\/taxusreels.com\/en\/wp-json\/wp\/v2\/pages"}],"about":[{"href":"https:\/\/taxusreels.com\/en\/wp-json\/wp\/v2\/types\/page"}],"author":[{"embeddable":true,"href":"https:\/\/taxusreels.com\/en\/wp-json\/wp\/v2\/users\/2"}],"replies":[{"embeddable":true,"href":"https:\/\/taxusreels.com\/en\/wp-json\/wp\/v2\/comments?post=3"}],"version-history":[{"count":3,"href":"https:\/\/taxusreels.com\/en\/wp-json\/wp\/v2\/pages\/3\/revisions"}],"predecessor-version":[{"id":6326,"href":"https:\/\/taxusreels.com\/en\/wp-json\/wp\/v2\/pages\/3\/revisions\/6326"}],"wp:attachment":[{"href":"https:\/\/taxusreels.com\/en\/wp-json\/wp\/v2\/media?parent=3"}],"curies":[{"name":"wp","href":"https:\/\/api.w.org\/{rel}","templated":true}]}}