{"id":6043,"date":"2022-03-08T13:15:48","date_gmt":"2022-03-08T12:15:48","guid":{"rendered":"https:\/\/taxusreels.com\/?page_id=6043"},"modified":"2022-03-11T09:35:06","modified_gmt":"2022-03-11T08:35:06","slug":"aviso-legal","status":"publish","type":"page","link":"https:\/\/taxusreels.com\/ca\/aviso-legal\/","title":{"rendered":"Av\u00eds Legal"},"content":{"rendered":"<div data-elementor-type=\"wp-page\" data-elementor-id=\"6043\" class=\"elementor elementor-6043\" data-elementor-post-type=\"page\">\n\t\t\t\t\t\t<section class=\"elementor-section elementor-top-section elementor-element elementor-element-857f027 elementor-section-boxed elementor-section-height-default elementor-section-height-default\" data-id=\"857f027\" data-element_type=\"section\" data-e-type=\"section\" data-settings=\"{&quot;jet_parallax_layout_list&quot;:[],&quot;background_background&quot;:&quot;gradient&quot;,&quot;shape_divider_bottom&quot;:&quot;tilt&quot;}\">\n\t\t\t\t\t\t\t<div class=\"elementor-background-overlay\"><\/div>\n\t\t\t\t\t\t<div class=\"elementor-shape elementor-shape-bottom\" aria-hidden=\"true\" data-negative=\"false\">\n\t\t\t<svg xmlns=\"http:\/\/www.w3.org\/2000\/svg\" viewbox=\"0 0 1000 100\" preserveaspectratio=\"none\">\n\t<path class=\"elementor-shape-fill\" d=\"M0,6V0h1000v100L0,6z\"\/>\n<\/svg>\t\t<\/div>\n\t\t\t\t\t<div class=\"elementor-container elementor-column-gap-default\">\n\t\t\t\t\t<div class=\"elementor-column elementor-col-100 elementor-top-column elementor-element elementor-element-a1b367f\" data-id=\"a1b367f\" data-element_type=\"column\" data-e-type=\"column\">\n\t\t\t<div class=\"elementor-widget-wrap\">\n\t\t\t\t\t\t\t<\/div>\n\t\t<\/div>\n\t\t\t\t\t<\/div>\n\t\t<\/section>\n\t\t\t\t<section class=\"elementor-section elementor-top-section elementor-element elementor-element-0500301 elementor-section-boxed elementor-section-height-default elementor-section-height-default\" data-id=\"0500301\" data-element_type=\"section\" data-e-type=\"section\" data-settings=\"{&quot;jet_parallax_layout_list&quot;:[],&quot;background_background&quot;:&quot;classic&quot;}\">\n\t\t\t\t\t\t\t<div class=\"elementor-background-overlay\"><\/div>\n\t\t\t\t\t\t\t<div class=\"elementor-container elementor-column-gap-default\">\n\t\t\t\t\t<div class=\"elementor-column elementor-col-100 elementor-top-column elementor-element elementor-element-5d9897e\" data-id=\"5d9897e\" data-element_type=\"column\" data-e-type=\"column\" data-settings=\"{&quot;background_background&quot;:&quot;classic&quot;,&quot;animation&quot;:&quot;none&quot;}\">\n\t\t\t<div class=\"elementor-widget-wrap elementor-element-populated\">\n\t\t\t\t\t<div class=\"elementor-background-overlay\"><\/div>\n\t\t\t\t\t\t<div class=\"elementor-element elementor-element-aec8d3e elementor-widget elementor-widget-heading\" data-id=\"aec8d3e\" data-element_type=\"widget\" data-e-type=\"widget\" data-widget_type=\"heading.default\">\n\t\t\t\t<div class=\"elementor-widget-container\">\n\t\t\t\t\t<h2 class=\"elementor-heading-title elementor-size-xxl\">Av\u00eds Legal<\/h2>\t\t\t\t<\/div>\n\t\t\t\t<\/div>\n\t\t\t\t<div class=\"elementor-element elementor-element-da84945 elementor-widget elementor-widget-heading\" data-id=\"da84945\" data-element_type=\"widget\" data-e-type=\"widget\" data-widget_type=\"heading.default\">\n\t\t\t\t<div class=\"elementor-widget-container\">\n\t\t\t\t\t<h3 class=\"elementor-heading-title elementor-size-default\">Av\u00eds legal i propietat intel\u00b7lectual i industrial<\/h3>\t\t\t\t<\/div>\n\t\t\t\t<\/div>\n\t\t\t\t\t<\/div>\n\t\t<\/div>\n\t\t\t\t\t<\/div>\n\t\t<\/section>\n\t\t\t\t<section class=\"elementor-section elementor-top-section elementor-element elementor-element-60adcf7 elementor-section-boxed elementor-section-height-default elementor-section-height-default\" data-id=\"60adcf7\" data-element_type=\"section\" data-e-type=\"section\" data-settings=\"{&quot;jet_parallax_layout_list&quot;:[]}\">\n\t\t\t\t\t\t<div class=\"elementor-container elementor-column-gap-default\">\n\t\t\t\t\t<div class=\"elementor-column elementor-col-100 elementor-top-column elementor-element elementor-element-c76018e\" data-id=\"c76018e\" data-element_type=\"column\" data-e-type=\"column\">\n\t\t\t<div class=\"elementor-widget-wrap elementor-element-populated\">\n\t\t\t\t\t\t<div class=\"elementor-element elementor-element-ece814b elementor-widget elementor-widget-text-editor\" data-id=\"ece814b\" data-element_type=\"widget\" data-e-type=\"widget\" data-widget_type=\"text-editor.default\">\n\t\t\t\t<div class=\"elementor-widget-container\">\n\t\t\t\t\t\t\t\t\t<p>El disseny del portal i els seus codis font, aix\u00ed com els logos, marques i altres signes distintius que hi apareixen pertanyen a (TAXUS&amp;REELS SL) i estan protegits pels corresponents drets de propietat intel\u00b7lectual i industrial.<\/p><h3><strong>Responsabilitat dels continguts<\/strong><\/h3><p><strong>\u00a0<\/strong>TAXUS&amp;REELS SL no es fa responsable de la legalitat d&#039;altres llocs web de tercers des dels quals es pugui accedir al portal. Tampoc no respon per la legalitat d&#039;altres llocs web de tercers, que poguessin estar vinculats o enlla\u00e7ats des d&#039;aquest portal.<\/p><p>TAXUS&amp;REELS SL no ser\u00e0 responsable de l&#039;\u00fas que tercers facin de la informaci\u00f3 publicada al portal, ni tampoc dels danys soferts o p\u00e8rdues econ\u00f2miques que, de forma directa o indirecta, produeixin o puguin produir perjudicis econ\u00f2mics, materials o sobre dades, provocats pel \u00fas de la dita informaci\u00f3.<\/p><h3><strong>Reproducci\u00f3 de continguts<\/strong><\/h3><p>En virtut del que disposa la Llei de Propietat Intel\u00b7lectual queden expressament prohibides la reproducci\u00f3, la distribuci\u00f3 i la comunicaci\u00f3 p\u00fablica de la totalitat o part dels continguts d&#039;aquesta p\u00e0gina web, amb finalitats comercials en qualsevol suport, i per qualsevol mitj\u00e0 t\u00e8cnic, sense autoritzaci\u00f3 de TAXUS&amp;REELS SL.<\/p><h3><strong>Llei aplicable<\/strong><\/h3><p>TAXUS&amp;REELS SL es reserva la facultat de presentar les accions civils o penals que consideri necess\u00e0ria per la utilitzaci\u00f3 indeguda del lloc web i continguts o per l&#039;incompliment de les presents condicions.<\/p><p>La relaci\u00f3 entre l&#039;usuari i TAXUS&amp;REELS SL es regir\u00e0 per la normativa vigent i aplicable al territori nacional. Si sorgeix qualsevol controv\u00e8rsia en relaci\u00f3 amb la interpretaci\u00f3 i\/o l&#039;aplicaci\u00f3 d&#039;aquestes condicions, les parts sotmetran els conflictes a la jurisdicci\u00f3 ordin\u00e0ria, sotmetent-se als jutges i tribunals que corresponguin conforme a dret.<\/p><p>Aix\u00ed mateix us informem que disposa d&#039;un procediment de resoluci\u00f3 extrajudicial de controv\u00e8rsies gratu\u00eft i accessible a tots els ciutadans, es tracta de la plataforma de resoluci\u00f3 de litigis en l\u00ednia de la Uni\u00f3 Europea, accessible a trav\u00e9s del\u00a0<a href=\"https:\/\/ec.europa.eu\/consumers\/odr\/main\/?event=main.home2.show.\">seg\u00fcent enlla\u00e7.<\/a><\/p><h3><strong>Galetes<\/strong><\/h3><p>En el cas de fer servir tecnologia \u201ccookie\u201d a la web, disposa d&#039;un apartat concret que us informa sobre la seva exist\u00e8ncia aix\u00ed com de la seva pol\u00edtica d&#039;\u00fas. Consulteu l&#039;apartat \u201cPol\u00edtica de cookies\u201d. En cas contrari, no s&#039;utilitzen galetes de navegaci\u00f3.<\/p><h3><strong>Dades personals de menors<\/strong><\/h3><p>Aquesta p\u00e0gina web no s&#039;adre\u00e7a a usuaris menors d&#039;edat. Si vost\u00e8 \u00e9s menor d&#039;edat, si us plau no intenteu registrar-se com a usuari. Si descobrim que per error hem obtingut informaci\u00f3 personal d&#039;un menor, eliminarem aquesta informaci\u00f3 com m\u00e9s aviat millor.<\/p><h3><strong>Exercici dels drets de protecci\u00f3 de dades<\/strong><\/h3><p>D&#039;acord amb els drets que confereix la normativa vigent en mat\u00e8ria de protecci\u00f3 de dades de car\u00e0cter personal, l&#039;usuari podr\u00e0 exercir els drets d&#039;acc\u00e9s, rectificaci\u00f3, limitaci\u00f3 de tractament, supressi\u00f3, portabilitat i oposici\u00f3 al tractament de les dades dirigint la seva petici\u00f3 a la adre\u00e7a postal indicada o al correu electr\u00f2nic\u00a0<a href=\"mailto:ADM@TAXUSREELS.COM\">ADM@TAXUSREELS.COM<\/a><\/p><p>Per a l&#039;exercici dels drets s&#039;haur\u00e0 d&#039;identificar mitjan\u00e7ant la presentaci\u00f3 del vostre DNI. Per a qualsevol reclamaci\u00f3 podeu adre\u00e7ar-vos al mateix correu indicat. Igualment podr\u00e0 adre\u00e7ar-se a l&#039;Ag\u00e8ncia Espanyola de Protecci\u00f3 de Dades:\u00a0<a href=\"https:\/\/www.aepd.es\/es\">www.aepd.es<\/a><\/p>\t\t\t\t\t\t\t\t<\/div>\n\t\t\t\t<\/div>\n\t\t\t\t\t<\/div>\n\t\t<\/div>\n\t\t\t\t\t<\/div>\n\t\t<\/section>\n\t\t\t\t<\/div>","protected":false},"excerpt":{"rendered":"<p>Aviso Legal Aviso legal y propiedad intelectual e industrial El dise\u00f1o del portal y sus c\u00f3digos fuente, as\u00ed como los logos, marcas y dem\u00e1s signos distintivos que aparecen en el mismo pertenecen a (TAXUS&amp;REELS SL) y est\u00e1n protegidos por los correspondientes derechos de propiedad intelectual e industrial. Responsabilidad de los contenidos &nbsp;TAXUS&amp;REELS SL no se [&hellip;]<\/p>\n","protected":false},"author":3,"featured_media":0,"parent":0,"menu_order":0,"comment_status":"closed","ping_status":"closed","template":"","meta":{"_monsterinsights_skip_tracking":false,"_monsterinsights_sitenote_active":false,"_monsterinsights_sitenote_note":"","_monsterinsights_sitenote_category":0,"footnotes":""},"class_list":["post-6043","page","type-page","status-publish","hentry"],"yoast_head":"<!-- This site is optimized with the Yoast SEO plugin v27.4 - https:\/\/yoast.com\/product\/yoast-seo-wordpress\/ -->\n<title>Aviso Legal - Taxus&amp;Reels<\/title>\n<meta name=\"robots\" content=\"noindex, follow\" \/>\n<meta property=\"og:locale\" content=\"ca_ES\" \/>\n<meta property=\"og:type\" content=\"article\" \/>\n<meta property=\"og:title\" content=\"Aviso Legal - Taxus&amp;Reels\" \/>\n<meta property=\"og:description\" content=\"Aviso Legal Aviso legal y propiedad intelectual e industrial El dise\u00f1o del portal y sus c\u00f3digos fuente, as\u00ed como los logos, marcas y dem\u00e1s signos distintivos que aparecen en el mismo pertenecen a (TAXUS&amp;REELS SL) y est\u00e1n protegidos por los correspondientes derechos de propiedad intelectual e industrial. Responsabilidad de los contenidos &nbsp;TAXUS&amp;REELS SL no se [&hellip;]\" \/>\n<meta property=\"og:url\" content=\"https:\/\/taxusreels.com\/ca\/aviso-legal\/\" \/>\n<meta property=\"og:site_name\" content=\"Taxus&amp;Reels\" \/>\n<meta property=\"article:modified_time\" content=\"2022-03-11T08:35:06+00:00\" \/>\n<meta name=\"twitter:card\" content=\"summary_large_image\" \/>\n<meta name=\"twitter:label1\" content=\"Temps estimat de lectura\" \/>\n\t<meta name=\"twitter:data1\" content=\"3 minuts\" \/>\n<script type=\"application\/ld+json\" class=\"yoast-schema-graph\">{\"@context\":\"https:\\\/\\\/schema.org\",\"@graph\":[{\"@type\":\"WebPage\",\"@id\":\"https:\\\/\\\/taxusreels.com\\\/aviso-legal\\\/\",\"url\":\"https:\\\/\\\/taxusreels.com\\\/aviso-legal\\\/\",\"name\":\"Aviso Legal - Taxus&amp;Reels\",\"isPartOf\":{\"@id\":\"https:\\\/\\\/taxusreels.com\\\/#website\"},\"datePublished\":\"2022-03-08T12:15:48+00:00\",\"dateModified\":\"2022-03-11T08:35:06+00:00\",\"breadcrumb\":{\"@id\":\"https:\\\/\\\/taxusreels.com\\\/aviso-legal\\\/#breadcrumb\"},\"inLanguage\":\"ca\",\"potentialAction\":[{\"@type\":\"ReadAction\",\"target\":[\"https:\\\/\\\/taxusreels.com\\\/aviso-legal\\\/\"]}]},{\"@type\":\"BreadcrumbList\",\"@id\":\"https:\\\/\\\/taxusreels.com\\\/aviso-legal\\\/#breadcrumb\",\"itemListElement\":[{\"@type\":\"ListItem\",\"position\":1,\"name\":\"Portada\",\"item\":\"https:\\\/\\\/taxusreels.com\\\/\"},{\"@type\":\"ListItem\",\"position\":2,\"name\":\"Aviso Legal\"}]},{\"@type\":\"WebSite\",\"@id\":\"https:\\\/\\\/taxusreels.com\\\/#website\",\"url\":\"https:\\\/\\\/taxusreels.com\\\/\",\"name\":\"Taxus&amp;Reels\",\"description\":\"Bioseguridad, desinfecci\u00f3n y control de plagas\",\"publisher\":{\"@id\":\"https:\\\/\\\/taxusreels.com\\\/#organization\"},\"potentialAction\":[{\"@type\":\"SearchAction\",\"target\":{\"@type\":\"EntryPoint\",\"urlTemplate\":\"https:\\\/\\\/taxusreels.com\\\/?s={search_term_string}\"},\"query-input\":{\"@type\":\"PropertyValueSpecification\",\"valueRequired\":true,\"valueName\":\"search_term_string\"}}],\"inLanguage\":\"ca\"},{\"@type\":\"Organization\",\"@id\":\"https:\\\/\\\/taxusreels.com\\\/#organization\",\"name\":\"Taxus&Reels\",\"url\":\"https:\\\/\\\/taxusreels.com\\\/\",\"logo\":{\"@type\":\"ImageObject\",\"inLanguage\":\"ca\",\"@id\":\"https:\\\/\\\/taxusreels.com\\\/#\\\/schema\\\/logo\\\/image\\\/\",\"url\":\"https:\\\/\\\/taxus-reels-a.c.wetopi.com\\\/wp-content\\\/uploads\\\/2022\\\/03\\\/logo_taxusreels_250x220.png\",\"contentUrl\":\"https:\\\/\\\/taxus-reels-a.c.wetopi.com\\\/wp-content\\\/uploads\\\/2022\\\/03\\\/logo_taxusreels_250x220.png\",\"width\":250,\"height\":220,\"caption\":\"Taxus&Reels\"},\"image\":{\"@id\":\"https:\\\/\\\/taxusreels.com\\\/#\\\/schema\\\/logo\\\/image\\\/\"}}]}<\/script>\n<!-- \/ Yoast SEO plugin. -->","yoast_head_json":{"title":"Av\u00eds Legal - Taxus&amp;Reels","robots":{"index":"noindex","follow":"follow"},"og_locale":"ca_ES","og_type":"article","og_title":"Aviso Legal - Taxus&amp;Reels","og_description":"Aviso Legal Aviso legal y propiedad intelectual e industrial El dise\u00f1o del portal y sus c\u00f3digos fuente, as\u00ed como los logos, marcas y dem\u00e1s signos distintivos que aparecen en el mismo pertenecen a (TAXUS&amp;REELS SL) y est\u00e1n protegidos por los correspondientes derechos de propiedad intelectual e industrial. Responsabilidad de los contenidos &nbsp;TAXUS&amp;REELS SL no se [&hellip;]","og_url":"https:\/\/taxusreels.com\/ca\/aviso-legal\/","og_site_name":"Taxus&amp;Reels","article_modified_time":"2022-03-11T08:35:06+00:00","twitter_card":"summary_large_image","twitter_misc":{"Temps estimat de lectura":"3 minuts"},"schema":{"@context":"https:\/\/schema.org","@graph":[{"@type":"WebPage","@id":"https:\/\/taxusreels.com\/aviso-legal\/","url":"https:\/\/taxusreels.com\/aviso-legal\/","name":"Av\u00eds Legal - Taxus&amp;Reels","isPartOf":{"@id":"https:\/\/taxusreels.com\/#website"},"datePublished":"2022-03-08T12:15:48+00:00","dateModified":"2022-03-11T08:35:06+00:00","breadcrumb":{"@id":"https:\/\/taxusreels.com\/aviso-legal\/#breadcrumb"},"inLanguage":"ca","potentialAction":[{"@type":"ReadAction","target":["https:\/\/taxusreels.com\/aviso-legal\/"]}]},{"@type":"BreadcrumbList","@id":"https:\/\/taxusreels.com\/aviso-legal\/#breadcrumb","itemListElement":[{"@type":"ListItem","position":1,"name":"Portada","item":"https:\/\/taxusreels.com\/"},{"@type":"ListItem","position":2,"name":"Aviso Legal"}]},{"@type":"WebSite","@id":"https:\/\/taxusreels.com\/#website","url":"https:\/\/taxusreels.com\/","name":"Taxus&amp;Reels","description":"Bioseguretat, desinfecci\u00f3 i control de plagues","publisher":{"@id":"https:\/\/taxusreels.com\/#organization"},"potentialAction":[{"@type":"SearchAction","target":{"@type":"EntryPoint","urlTemplate":"https:\/\/taxusreels.com\/?s={search_term_string}"},"query-input":{"@type":"PropertyValueSpecification","valueRequired":true,"valueName":"search_term_string"}}],"inLanguage":"ca"},{"@type":"Organization","@id":"https:\/\/taxusreels.com\/#organization","name":"Taxus&amp;Reels","url":"https:\/\/taxusreels.com\/","logo":{"@type":"ImageObject","inLanguage":"ca","@id":"https:\/\/taxusreels.com\/#\/schema\/logo\/image\/","url":"https:\/\/taxus-reels-a.c.wetopi.com\/wp-content\/uploads\/2022\/03\/logo_taxusreels_250x220.png","contentUrl":"https:\/\/taxus-reels-a.c.wetopi.com\/wp-content\/uploads\/2022\/03\/logo_taxusreels_250x220.png","width":250,"height":220,"caption":"Taxus&Reels"},"image":{"@id":"https:\/\/taxusreels.com\/#\/schema\/logo\/image\/"}}]}},"_links":{"self":[{"href":"https:\/\/taxusreels.com\/ca\/wp-json\/wp\/v2\/pages\/6043","targetHints":{"allow":["GET"]}}],"collection":[{"href":"https:\/\/taxusreels.com\/ca\/wp-json\/wp\/v2\/pages"}],"about":[{"href":"https:\/\/taxusreels.com\/ca\/wp-json\/wp\/v2\/types\/page"}],"author":[{"embeddable":true,"href":"https:\/\/taxusreels.com\/ca\/wp-json\/wp\/v2\/users\/3"}],"replies":[{"embeddable":true,"href":"https:\/\/taxusreels.com\/ca\/wp-json\/wp\/v2\/comments?post=6043"}],"version-history":[{"count":3,"href":"https:\/\/taxusreels.com\/ca\/wp-json\/wp\/v2\/pages\/6043\/revisions"}],"predecessor-version":[{"id":6194,"href":"https:\/\/taxusreels.com\/ca\/wp-json\/wp\/v2\/pages\/6043\/revisions\/6194"}],"wp:attachment":[{"href":"https:\/\/taxusreels.com\/ca\/wp-json\/wp\/v2\/media?parent=6043"}],"curies":[{"name":"wp","href":"https:\/\/api.w.org\/{rel}","templated":true}]}}