{"id":34,"date":"2022-02-10T13:23:24","date_gmt":"2022-02-10T12:23:24","guid":{"rendered":"https:\/\/taxusreels.com\/?page_id=34"},"modified":"2023-03-24T13:30:55","modified_gmt":"2023-03-24T12:30:55","slug":"sectores","status":"publish","type":"page","link":"https:\/\/taxusreels.com\/ca\/servicios\/sectores\/","title":{"rendered":"Sectors"},"content":{"rendered":"<div data-elementor-type=\"wp-page\" data-elementor-id=\"34\" class=\"elementor elementor-34\" data-elementor-post-type=\"page\">\n\t\t\t\t\t\t<section class=\"elementor-section elementor-top-section elementor-element elementor-element-4c38099 elementor-section-full_width elementor-section-height-default elementor-section-height-default\" data-id=\"4c38099\" data-element_type=\"section\" data-e-type=\"section\" data-settings=\"{&quot;jet_parallax_layout_list&quot;:[],&quot;background_background&quot;:&quot;gradient&quot;,&quot;shape_divider_bottom&quot;:&quot;tilt&quot;}\">\n\t\t\t\t\t\t\t<div class=\"elementor-background-overlay\"><\/div>\n\t\t\t\t\t\t<div class=\"elementor-shape elementor-shape-bottom\" aria-hidden=\"true\" data-negative=\"false\">\n\t\t\t<svg xmlns=\"http:\/\/www.w3.org\/2000\/svg\" viewbox=\"0 0 1000 100\" preserveaspectratio=\"none\">\n\t<path class=\"elementor-shape-fill\" d=\"M0,6V0h1000v100L0,6z\"\/>\n<\/svg>\t\t<\/div>\n\t\t\t\t\t<div class=\"elementor-container elementor-column-gap-default\">\n\t\t\t\t\t<div class=\"elementor-column elementor-col-100 elementor-top-column elementor-element elementor-element-2c6f2c4\" data-id=\"2c6f2c4\" data-element_type=\"column\" data-e-type=\"column\">\n\t\t\t<div class=\"elementor-widget-wrap\">\n\t\t\t\t\t\t\t<\/div>\n\t\t<\/div>\n\t\t\t\t\t<\/div>\n\t\t<\/section>\n\t\t\t\t<section class=\"elementor-section elementor-top-section elementor-element elementor-element-62eefd5 elementor-section-boxed elementor-section-height-default elementor-section-height-default\" data-id=\"62eefd5\" data-element_type=\"section\" data-e-type=\"section\" data-settings=\"{&quot;jet_parallax_layout_list&quot;:[],&quot;background_background&quot;:&quot;classic&quot;}\">\n\t\t\t\t\t\t\t<div class=\"elementor-background-overlay\"><\/div>\n\t\t\t\t\t\t\t<div class=\"elementor-container elementor-column-gap-default\">\n\t\t\t\t\t<div class=\"elementor-column elementor-col-100 elementor-top-column elementor-element elementor-element-5e0a456\" data-id=\"5e0a456\" data-element_type=\"column\" data-e-type=\"column\" data-settings=\"{&quot;background_background&quot;:&quot;classic&quot;,&quot;animation&quot;:&quot;none&quot;}\">\n\t\t\t<div class=\"elementor-widget-wrap elementor-element-populated\">\n\t\t\t\t\t<div class=\"elementor-background-overlay\"><\/div>\n\t\t\t\t\t\t<div class=\"elementor-element elementor-element-7b670e8 elementor-widget elementor-widget-heading\" data-id=\"7b670e8\" data-element_type=\"widget\" data-e-type=\"widget\" data-widget_type=\"heading.default\">\n\t\t\t\t<div class=\"elementor-widget-container\">\n\t\t\t\t\t<h1 class=\"elementor-heading-title elementor-size-xxl\">SECTORS<\/h1>\t\t\t\t<\/div>\n\t\t\t\t<\/div>\n\t\t\t\t<div class=\"elementor-element elementor-element-fdc5fdb elementor-widget elementor-widget-heading\" data-id=\"fdc5fdb\" data-element_type=\"widget\" data-e-type=\"widget\" data-widget_type=\"heading.default\">\n\t\t\t\t<div class=\"elementor-widget-container\">\n\t\t\t\t\t<h2 class=\"elementor-heading-title elementor-size-default\">Sectors en qu\u00e8 treballem<\/h2>\t\t\t\t<\/div>\n\t\t\t\t<\/div>\n\t\t\t\t<div class=\"elementor-element elementor-element-69d817d elementor-widget elementor-widget-text-editor\" data-id=\"69d817d\" data-element_type=\"widget\" data-e-type=\"widget\" data-widget_type=\"text-editor.default\">\n\t\t\t\t<div class=\"elementor-widget-container\">\n\t\t\t\t\t\t\t\t\t<p>La <strong>Bioseguretat<\/strong> s&#039;ha convertit pr\u00e0cticament en una <strong>obligaci\u00f3<\/strong> en la majoria dels \u00e0mbits en qu\u00e8 ens movem.\u00a0<\/p><p>\u00c9s per aix\u00f2 que els <strong>sectors<\/strong> en qu\u00e8 treballem s\u00f3n quatre per\u00f2 es pot ampliar a qualsevol protocol que s&#039;activi, en un moment en qu\u00e8 es necessiti assegurar el benestar, higiene i neteja de qualsevol lloc o \u00e0mbit concret. A <strong>Taxus &amp; Reels<\/strong> estem aqu\u00ed per comprometre&#039;ns a aconseguir una millor <strong>Bioseguretat<\/strong> all\u00e0 on calgui i on puguem posar la nostra signatura i els productes que portin el nostre segell.\u00a0<\/p>\t\t\t\t\t\t\t\t<\/div>\n\t\t\t\t<\/div>\n\t\t\t\t\t<\/div>\n\t\t<\/div>\n\t\t\t\t\t<\/div>\n\t\t<\/section>\n\t\t\t\t<section class=\"elementor-section elementor-top-section elementor-element elementor-element-8e8cf6f elementor-section-boxed elementor-section-height-default elementor-section-height-default\" data-id=\"8e8cf6f\" data-element_type=\"section\" data-e-type=\"section\" data-settings=\"{&quot;jet_parallax_layout_list&quot;:[],&quot;background_background&quot;:&quot;classic&quot;}\">\n\t\t\t\t\t\t\t<div class=\"elementor-background-overlay\"><\/div>\n\t\t\t\t\t\t\t<div class=\"elementor-container elementor-column-gap-default\">\n\t\t\t\t\t<div class=\"elementor-column elementor-col-50 elementor-top-column elementor-element elementor-element-4f82c93\" data-id=\"4f82c93\" data-element_type=\"column\" data-e-type=\"column\" data-settings=\"{&quot;background_background&quot;:&quot;classic&quot;,&quot;animation_mobile&quot;:&quot;fadeInLeft&quot;}\">\n\t\t\t<div class=\"elementor-widget-wrap elementor-element-populated\">\n\t\t\t\t\t\t<div class=\"elementor-element elementor-element-f331f06 elementor-view-framed elementor-shape-square elementor-position-block-start elementor-mobile-position-block-start elementor-widget elementor-widget-icon-box\" data-id=\"f331f06\" data-element_type=\"widget\" data-e-type=\"widget\" data-settings=\"{&quot;_animation_mobile&quot;:&quot;none&quot;}\" data-widget_type=\"icon-box.default\">\n\t\t\t\t<div class=\"elementor-widget-container\">\n\t\t\t\t\t\t\t<div class=\"elementor-icon-box-wrapper\">\n\n\t\t\t\t\t\t<div class=\"elementor-icon-box-icon\">\n\t\t\t\t<span  class=\"elementor-icon elementor-animation-sink\">\n\t\t\t\t<i aria-hidden=\"true\" class=\"fas fa-horse-head\"><\/i>\t\t\t\t<\/span>\n\t\t\t<\/div>\n\t\t\t\n\t\t\t\t\t\t<div class=\"elementor-icon-box-content\">\n\n\t\t\t\t\t\t\t\t\t<h3 class=\"elementor-icon-box-title\">\n\t\t\t\t\t\t<span  >\n\t\t\t\t\t\t\tAnimals de Producci\u00f3\t\t\t\t\t\t<\/span>\n\t\t\t\t\t<\/h3>\n\t\t\t\t\n\t\t\t\t\n\t\t\t<\/div>\n\t\t\t\n\t\t<\/div>\n\t\t\t\t\t\t<\/div>\n\t\t\t\t<\/div>\n\t\t\t\t<div class=\"elementor-element elementor-element-78a2cf8 elementor-widget elementor-widget-text-editor\" data-id=\"78a2cf8\" data-element_type=\"widget\" data-e-type=\"widget\" data-widget_type=\"text-editor.default\">\n\t\t\t\t<div class=\"elementor-widget-container\">\n\t\t\t\t\t\t\t\t\t<div data-id=\"0793ac4\" data-element_type=\"column\" data-settings=\"{\"><div><div><div data-id=\"76bd9e2\" data-element_type=\"widget\" data-widget_type=\"text-editor.default\"><div><div><p>El sector ramader \u00e9s un dels que m\u00e9s bioseguretat necessita. Doncs a m\u00e9s de mantenir les mesures d&#039;higiene, cal fer revisions freq\u00fcents per evitar plagues, contagis i malalties.\u00a0<\/p><\/div><\/div><\/div><\/div><\/div><\/div>\t\t\t\t\t\t\t\t<\/div>\n\t\t\t\t<\/div>\n\t\t\t\t\t<\/div>\n\t\t<\/div>\n\t\t\t\t<div class=\"elementor-column elementor-col-50 elementor-top-column elementor-element elementor-element-d0026ab\" data-id=\"d0026ab\" data-element_type=\"column\" data-e-type=\"column\" data-settings=\"{&quot;background_background&quot;:&quot;classic&quot;,&quot;animation_mobile&quot;:&quot;fadeInLeft&quot;}\">\n\t\t\t<div class=\"elementor-widget-wrap elementor-element-populated\">\n\t\t\t\t\t\t<div class=\"elementor-element elementor-element-d938d2e elementor-view-framed elementor-shape-square elementor-position-block-start elementor-mobile-position-block-start elementor-widget elementor-widget-icon-box\" data-id=\"d938d2e\" data-element_type=\"widget\" data-e-type=\"widget\" data-settings=\"{&quot;_animation_mobile&quot;:&quot;none&quot;}\" data-widget_type=\"icon-box.default\">\n\t\t\t\t<div class=\"elementor-widget-container\">\n\t\t\t\t\t\t\t<div class=\"elementor-icon-box-wrapper\">\n\n\t\t\t\t\t\t<div class=\"elementor-icon-box-icon\">\n\t\t\t\t<span  class=\"elementor-icon elementor-animation-sink\">\n\t\t\t\t<i aria-hidden=\"true\" class=\"fas fa-boxes\"><\/i>\t\t\t\t<\/span>\n\t\t\t<\/div>\n\t\t\t\n\t\t\t\t\t\t<div class=\"elementor-icon-box-content\">\n\n\t\t\t\t\t\t\t\t\t<h3 class=\"elementor-icon-box-title\">\n\t\t\t\t\t\t<span  >\n\t\t\t\t\t\t\tInd\u00fastria Aliment\u00e0ria\t\t\t\t\t\t<\/span>\n\t\t\t\t\t<\/h3>\n\t\t\t\t\n\t\t\t\t\n\t\t\t<\/div>\n\t\t\t\n\t\t<\/div>\n\t\t\t\t\t\t<\/div>\n\t\t\t\t<\/div>\n\t\t\t\t<div class=\"elementor-element elementor-element-229c6a5 elementor-widget elementor-widget-text-editor\" data-id=\"229c6a5\" data-element_type=\"widget\" data-e-type=\"widget\" data-widget_type=\"text-editor.default\">\n\t\t\t\t<div class=\"elementor-widget-container\">\n\t\t\t\t\t\t\t\t\t<p>La ind\u00fastria aliment\u00e0ria \u00e9s el exemple clar d&#039;una bona feina higi\u00e8nica i sanit\u00e0ria. Doncs un bon servei i protocol de bioseguretat fa que els aliments arribin segurs a les mans dels consumidors.\u00a0<\/p>\t\t\t\t\t\t\t\t<\/div>\n\t\t\t\t<\/div>\n\t\t\t\t\t<\/div>\n\t\t<\/div>\n\t\t\t\t\t<\/div>\n\t\t<\/section>\n\t\t\t\t<section class=\"elementor-section elementor-top-section elementor-element elementor-element-2a99dc9 elementor-section-boxed elementor-section-height-default elementor-section-height-default\" data-id=\"2a99dc9\" data-element_type=\"section\" data-e-type=\"section\" data-settings=\"{&quot;jet_parallax_layout_list&quot;:[],&quot;background_background&quot;:&quot;classic&quot;}\">\n\t\t\t\t\t\t\t<div class=\"elementor-background-overlay\"><\/div>\n\t\t\t\t\t\t\t<div class=\"elementor-container elementor-column-gap-default\">\n\t\t\t\t\t<div class=\"elementor-column elementor-col-50 elementor-top-column elementor-element elementor-element-9577f37\" data-id=\"9577f37\" data-element_type=\"column\" data-e-type=\"column\" data-settings=\"{&quot;background_background&quot;:&quot;classic&quot;,&quot;animation_mobile&quot;:&quot;fadeInLeft&quot;}\">\n\t\t\t<div class=\"elementor-widget-wrap elementor-element-populated\">\n\t\t\t\t\t\t<div class=\"elementor-element elementor-element-5b3f73c elementor-view-framed elementor-shape-square elementor-position-block-start elementor-mobile-position-block-start elementor-widget elementor-widget-icon-box\" data-id=\"5b3f73c\" data-element_type=\"widget\" data-e-type=\"widget\" data-settings=\"{&quot;_animation_mobile&quot;:&quot;none&quot;}\" data-widget_type=\"icon-box.default\">\n\t\t\t\t<div class=\"elementor-widget-container\">\n\t\t\t\t\t\t\t<div class=\"elementor-icon-box-wrapper\">\n\n\t\t\t\t\t\t<div class=\"elementor-icon-box-icon\">\n\t\t\t\t<span  class=\"elementor-icon elementor-animation-sink\">\n\t\t\t\t<i aria-hidden=\"true\" class=\"fas fa-kiwi-bird\"><\/i>\t\t\t\t<\/span>\n\t\t\t<\/div>\n\t\t\t\n\t\t\t\t\t\t<div class=\"elementor-icon-box-content\">\n\n\t\t\t\t\t\t\t\t\t<h3 class=\"elementor-icon-box-title\">\n\t\t\t\t\t\t<span  >\n\t\t\t\t\t\t\tHigiene Ambiental\t\t\t\t\t\t<\/span>\n\t\t\t\t\t<\/h3>\n\t\t\t\t\n\t\t\t\t\n\t\t\t<\/div>\n\t\t\t\n\t\t<\/div>\n\t\t\t\t\t\t<\/div>\n\t\t\t\t<\/div>\n\t\t\t\t<div class=\"elementor-element elementor-element-4c38330 elementor-widget elementor-widget-text-editor\" data-id=\"4c38330\" data-element_type=\"widget\" data-e-type=\"widget\" data-widget_type=\"text-editor.default\">\n\t\t\t\t<div class=\"elementor-widget-container\">\n\t\t\t\t\t\t\t\t\t<p>La higiene ambiental quan hi ha animals pel mig \u00e9s molt important, ja que pot desencadenar importants factors de malalties i plagues. Per aix\u00f2 \u00e9s important establir protocols clars i concisos per dur a terme.\u00a0<\/p>\t\t\t\t\t\t\t\t<\/div>\n\t\t\t\t<\/div>\n\t\t\t\t\t<\/div>\n\t\t<\/div>\n\t\t\t\t<div class=\"elementor-column elementor-col-50 elementor-top-column elementor-element elementor-element-8cb38d3\" data-id=\"8cb38d3\" data-element_type=\"column\" data-e-type=\"column\" data-settings=\"{&quot;background_background&quot;:&quot;classic&quot;,&quot;animation_mobile&quot;:&quot;fadeInLeft&quot;}\">\n\t\t\t<div class=\"elementor-widget-wrap elementor-element-populated\">\n\t\t\t\t\t\t<div class=\"elementor-element elementor-element-e69aa84 elementor-view-framed elementor-shape-square elementor-position-block-start elementor-mobile-position-block-start elementor-widget elementor-widget-icon-box\" data-id=\"e69aa84\" data-element_type=\"widget\" data-e-type=\"widget\" data-settings=\"{&quot;_animation_mobile&quot;:&quot;none&quot;}\" data-widget_type=\"icon-box.default\">\n\t\t\t\t<div class=\"elementor-widget-container\">\n\t\t\t\t\t\t\t<div class=\"elementor-icon-box-wrapper\">\n\n\t\t\t\t\t\t<div class=\"elementor-icon-box-icon\">\n\t\t\t\t<span  class=\"elementor-icon elementor-animation-sink\">\n\t\t\t\t<i aria-hidden=\"true\" class=\"fas fa-leaf\"><\/i>\t\t\t\t<\/span>\n\t\t\t<\/div>\n\t\t\t\n\t\t\t\t\t\t<div class=\"elementor-icon-box-content\">\n\n\t\t\t\t\t\t\t\t\t<h3 class=\"elementor-icon-box-title\">\n\t\t\t\t\t\t<span  >\n\t\t\t\t\t\t\tDefensa Vegetal\t\t\t\t\t\t<\/span>\n\t\t\t\t\t<\/h3>\n\t\t\t\t\n\t\t\t\t\n\t\t\t<\/div>\n\t\t\t\n\t\t<\/div>\n\t\t\t\t\t\t<\/div>\n\t\t\t\t<\/div>\n\t\t\t\t<div class=\"elementor-element elementor-element-3091a0b elementor-widget elementor-widget-text-editor\" data-id=\"3091a0b\" data-element_type=\"widget\" data-e-type=\"widget\" data-widget_type=\"text-editor.default\">\n\t\t\t\t<div class=\"elementor-widget-container\">\n\t\t\t\t\t\t\t\t\t<p>Volem assolir una defensa vegetal amb l&#039;objectiu de protegir la flora aut\u00f2ctona i ajudar el sector agr\u00edcola. Col\u00b7laborant aix\u00ed a la biodiversitat animal i vegetal i contribuint a la superviv\u00e8ncia de totes les esp\u00e8cies terrestres.&nbsp;<\/p>\t\t\t\t\t\t\t\t<\/div>\n\t\t\t\t<\/div>\n\t\t\t\t\t<\/div>\n\t\t<\/div>\n\t\t\t\t\t<\/div>\n\t\t<\/section>\n\t\t\t\t<\/div>","protected":false},"excerpt":{"rendered":"<p>SECTORES Sectores en los que trabajamos La Bioseguridad se ha convertido pr\u00e1cticamente en una obligaci\u00f3n en la mayor\u00eda de los \u00e1mbitos en los que nos movemos.\u00a0 Es por eso que los sectores en los que trabajamos son cuatro pero puede ampliarse a cualquier protocolo que se active, en un momento en el que se necesite [&hellip;]<\/p>\n","protected":false},"author":4,"featured_media":0,"parent":16,"menu_order":0,"comment_status":"closed","ping_status":"closed","template":"","meta":{"_monsterinsights_skip_tracking":false,"_monsterinsights_sitenote_active":false,"_monsterinsights_sitenote_note":"","_monsterinsights_sitenote_category":0,"footnotes":""},"class_list":["post-34","page","type-page","status-publish","hentry"],"yoast_head":"<!-- This site is optimized with the Yoast SEO plugin v27.4 - https:\/\/yoast.com\/product\/yoast-seo-wordpress\/ -->\n<title>Los sectores en los que trabajamos - Taxus&amp;Reels<\/title>\n<meta name=\"description\" content=\"Te detallamos cu\u00e1les son los sectores y los \u00e1mbitos en los que desarrollamos nuestros servicios de bioseguridad.\" \/>\n<meta name=\"robots\" content=\"index, follow, max-snippet:-1, max-image-preview:large, max-video-preview:-1\" \/>\n<link rel=\"canonical\" href=\"https:\/\/taxusreels.com\/ca\/servicios\/sectores\/\" \/>\n<meta property=\"og:locale\" content=\"ca_ES\" \/>\n<meta property=\"og:type\" content=\"article\" \/>\n<meta property=\"og:title\" content=\"Los sectores en los que trabajamos - Taxus&amp;Reels\" \/>\n<meta property=\"og:description\" content=\"Te detallamos cu\u00e1les son los sectores y los \u00e1mbitos en los que desarrollamos nuestros servicios de bioseguridad.\" \/>\n<meta property=\"og:url\" content=\"https:\/\/taxusreels.com\/ca\/servicios\/sectores\/\" \/>\n<meta property=\"og:site_name\" content=\"Taxus&amp;Reels\" \/>\n<meta property=\"article:modified_time\" content=\"2023-03-24T12:30:55+00:00\" \/>\n<meta name=\"twitter:card\" content=\"summary_large_image\" \/>\n<meta name=\"twitter:label1\" content=\"Temps estimat de lectura\" \/>\n\t<meta name=\"twitter:data1\" content=\"2 minuts\" \/>\n<script type=\"application\/ld+json\" class=\"yoast-schema-graph\">{\"@context\":\"https:\\\/\\\/schema.org\",\"@graph\":[{\"@type\":\"WebPage\",\"@id\":\"https:\\\/\\\/taxusreels.com\\\/servicios\\\/sectores\\\/\",\"url\":\"https:\\\/\\\/taxusreels.com\\\/servicios\\\/sectores\\\/\",\"name\":\"Los sectores en los que trabajamos - Taxus&amp;Reels\",\"isPartOf\":{\"@id\":\"https:\\\/\\\/taxusreels.com\\\/#website\"},\"datePublished\":\"2022-02-10T12:23:24+00:00\",\"dateModified\":\"2023-03-24T12:30:55+00:00\",\"description\":\"Te detallamos cu\u00e1les son los sectores y los \u00e1mbitos en los que desarrollamos nuestros servicios de bioseguridad.\",\"breadcrumb\":{\"@id\":\"https:\\\/\\\/taxusreels.com\\\/servicios\\\/sectores\\\/#breadcrumb\"},\"inLanguage\":\"ca\",\"potentialAction\":[{\"@type\":\"ReadAction\",\"target\":[\"https:\\\/\\\/taxusreels.com\\\/servicios\\\/sectores\\\/\"]}]},{\"@type\":\"BreadcrumbList\",\"@id\":\"https:\\\/\\\/taxusreels.com\\\/servicios\\\/sectores\\\/#breadcrumb\",\"itemListElement\":[{\"@type\":\"ListItem\",\"position\":1,\"name\":\"Portada\",\"item\":\"https:\\\/\\\/taxusreels.com\\\/\"},{\"@type\":\"ListItem\",\"position\":2,\"name\":\"Servicios\",\"item\":\"https:\\\/\\\/taxusreels.com\\\/servicios\\\/\"},{\"@type\":\"ListItem\",\"position\":3,\"name\":\"Sectores\"}]},{\"@type\":\"WebSite\",\"@id\":\"https:\\\/\\\/taxusreels.com\\\/#website\",\"url\":\"https:\\\/\\\/taxusreels.com\\\/\",\"name\":\"Taxus&amp;Reels\",\"description\":\"Bioseguridad, desinfecci\u00f3n y control de plagas\",\"publisher\":{\"@id\":\"https:\\\/\\\/taxusreels.com\\\/#organization\"},\"potentialAction\":[{\"@type\":\"SearchAction\",\"target\":{\"@type\":\"EntryPoint\",\"urlTemplate\":\"https:\\\/\\\/taxusreels.com\\\/?s={search_term_string}\"},\"query-input\":{\"@type\":\"PropertyValueSpecification\",\"valueRequired\":true,\"valueName\":\"search_term_string\"}}],\"inLanguage\":\"ca\"},{\"@type\":\"Organization\",\"@id\":\"https:\\\/\\\/taxusreels.com\\\/#organization\",\"name\":\"Taxus&Reels\",\"url\":\"https:\\\/\\\/taxusreels.com\\\/\",\"logo\":{\"@type\":\"ImageObject\",\"inLanguage\":\"ca\",\"@id\":\"https:\\\/\\\/taxusreels.com\\\/#\\\/schema\\\/logo\\\/image\\\/\",\"url\":\"https:\\\/\\\/taxus-reels-a.c.wetopi.com\\\/wp-content\\\/uploads\\\/2022\\\/03\\\/logo_taxusreels_250x220.png\",\"contentUrl\":\"https:\\\/\\\/taxus-reels-a.c.wetopi.com\\\/wp-content\\\/uploads\\\/2022\\\/03\\\/logo_taxusreels_250x220.png\",\"width\":250,\"height\":220,\"caption\":\"Taxus&Reels\"},\"image\":{\"@id\":\"https:\\\/\\\/taxusreels.com\\\/#\\\/schema\\\/logo\\\/image\\\/\"}}]}<\/script>\n<!-- \/ Yoast SEO plugin. -->","yoast_head_json":{"title":"Els sectors en qu\u00e8 treballem - Taxus&amp;Reels","description":"Et detallem quins s\u00f3n els sectors i els \u00e0mbits en qu\u00e8 desenvolupem els nostres serveis de bioseguretat.","robots":{"index":"index","follow":"follow","max-snippet":"max-snippet:-1","max-image-preview":"max-image-preview:large","max-video-preview":"max-video-preview:-1"},"canonical":"https:\/\/taxusreels.com\/ca\/servicios\/sectores\/","og_locale":"ca_ES","og_type":"article","og_title":"Los sectores en los que trabajamos - Taxus&amp;Reels","og_description":"Te detallamos cu\u00e1les son los sectores y los \u00e1mbitos en los que desarrollamos nuestros servicios de bioseguridad.","og_url":"https:\/\/taxusreels.com\/ca\/servicios\/sectores\/","og_site_name":"Taxus&amp;Reels","article_modified_time":"2023-03-24T12:30:55+00:00","twitter_card":"summary_large_image","twitter_misc":{"Temps estimat de lectura":"2 minuts"},"schema":{"@context":"https:\/\/schema.org","@graph":[{"@type":"WebPage","@id":"https:\/\/taxusreels.com\/servicios\/sectores\/","url":"https:\/\/taxusreels.com\/servicios\/sectores\/","name":"Els sectors en qu\u00e8 treballem - Taxus&amp;Reels","isPartOf":{"@id":"https:\/\/taxusreels.com\/#website"},"datePublished":"2022-02-10T12:23:24+00:00","dateModified":"2023-03-24T12:30:55+00:00","description":"Et detallem quins s\u00f3n els sectors i els \u00e0mbits en qu\u00e8 desenvolupem els nostres serveis de bioseguretat.","breadcrumb":{"@id":"https:\/\/taxusreels.com\/servicios\/sectores\/#breadcrumb"},"inLanguage":"ca","potentialAction":[{"@type":"ReadAction","target":["https:\/\/taxusreels.com\/servicios\/sectores\/"]}]},{"@type":"BreadcrumbList","@id":"https:\/\/taxusreels.com\/servicios\/sectores\/#breadcrumb","itemListElement":[{"@type":"ListItem","position":1,"name":"Portada","item":"https:\/\/taxusreels.com\/"},{"@type":"ListItem","position":2,"name":"Servicios","item":"https:\/\/taxusreels.com\/servicios\/"},{"@type":"ListItem","position":3,"name":"Sectores"}]},{"@type":"WebSite","@id":"https:\/\/taxusreels.com\/#website","url":"https:\/\/taxusreels.com\/","name":"Taxus&amp;Reels","description":"Bioseguretat, desinfecci\u00f3 i control de plagues","publisher":{"@id":"https:\/\/taxusreels.com\/#organization"},"potentialAction":[{"@type":"SearchAction","target":{"@type":"EntryPoint","urlTemplate":"https:\/\/taxusreels.com\/?s={search_term_string}"},"query-input":{"@type":"PropertyValueSpecification","valueRequired":true,"valueName":"search_term_string"}}],"inLanguage":"ca"},{"@type":"Organization","@id":"https:\/\/taxusreels.com\/#organization","name":"Taxus&amp;Reels","url":"https:\/\/taxusreels.com\/","logo":{"@type":"ImageObject","inLanguage":"ca","@id":"https:\/\/taxusreels.com\/#\/schema\/logo\/image\/","url":"https:\/\/taxus-reels-a.c.wetopi.com\/wp-content\/uploads\/2022\/03\/logo_taxusreels_250x220.png","contentUrl":"https:\/\/taxus-reels-a.c.wetopi.com\/wp-content\/uploads\/2022\/03\/logo_taxusreels_250x220.png","width":250,"height":220,"caption":"Taxus&Reels"},"image":{"@id":"https:\/\/taxusreels.com\/#\/schema\/logo\/image\/"}}]}},"_links":{"self":[{"href":"https:\/\/taxusreels.com\/ca\/wp-json\/wp\/v2\/pages\/34","targetHints":{"allow":["GET"]}}],"collection":[{"href":"https:\/\/taxusreels.com\/ca\/wp-json\/wp\/v2\/pages"}],"about":[{"href":"https:\/\/taxusreels.com\/ca\/wp-json\/wp\/v2\/types\/page"}],"author":[{"embeddable":true,"href":"https:\/\/taxusreels.com\/ca\/wp-json\/wp\/v2\/users\/4"}],"replies":[{"embeddable":true,"href":"https:\/\/taxusreels.com\/ca\/wp-json\/wp\/v2\/comments?post=34"}],"version-history":[{"count":3,"href":"https:\/\/taxusreels.com\/ca\/wp-json\/wp\/v2\/pages\/34\/revisions"}],"predecessor-version":[{"id":6481,"href":"https:\/\/taxusreels.com\/ca\/wp-json\/wp\/v2\/pages\/34\/revisions\/6481"}],"up":[{"embeddable":true,"href":"https:\/\/taxusreels.com\/ca\/wp-json\/wp\/v2\/pages\/16"}],"wp:attachment":[{"href":"https:\/\/taxusreels.com\/ca\/wp-json\/wp\/v2\/media?parent=34"}],"curies":[{"name":"wp","href":"https:\/\/api.w.org\/{rel}","templated":true}]}}