{"id":32,"date":"2022-02-10T13:22:33","date_gmt":"2022-02-10T12:22:33","guid":{"rendered":"https:\/\/taxusreels.com\/?page_id=32"},"modified":"2023-03-24T13:30:40","modified_gmt":"2023-03-24T12:30:40","slug":"equipos","status":"publish","type":"page","link":"https:\/\/taxusreels.com\/ca\/servicios\/equipos\/","title":{"rendered":"Equips"},"content":{"rendered":"<div data-elementor-type=\"wp-page\" data-elementor-id=\"32\" class=\"elementor elementor-32\" data-elementor-post-type=\"page\">\n\t\t\t\t\t\t<section class=\"elementor-section elementor-top-section elementor-element elementor-element-f28dd36 elementor-section-full_width elementor-section-height-default elementor-section-height-default\" data-id=\"f28dd36\" data-element_type=\"section\" data-e-type=\"section\" data-settings=\"{&quot;jet_parallax_layout_list&quot;:[],&quot;background_background&quot;:&quot;gradient&quot;,&quot;shape_divider_bottom&quot;:&quot;tilt&quot;}\">\n\t\t\t\t\t\t\t<div class=\"elementor-background-overlay\"><\/div>\n\t\t\t\t\t\t<div class=\"elementor-shape elementor-shape-bottom\" aria-hidden=\"true\" data-negative=\"false\">\n\t\t\t<svg xmlns=\"http:\/\/www.w3.org\/2000\/svg\" viewbox=\"0 0 1000 100\" preserveaspectratio=\"none\">\n\t<path class=\"elementor-shape-fill\" d=\"M0,6V0h1000v100L0,6z\"\/>\n<\/svg>\t\t<\/div>\n\t\t\t\t\t<div class=\"elementor-container elementor-column-gap-default\">\n\t\t\t\t\t<div class=\"elementor-column elementor-col-100 elementor-top-column elementor-element elementor-element-d555509\" data-id=\"d555509\" data-element_type=\"column\" data-e-type=\"column\">\n\t\t\t<div class=\"elementor-widget-wrap\">\n\t\t\t\t\t\t\t<\/div>\n\t\t<\/div>\n\t\t\t\t\t<\/div>\n\t\t<\/section>\n\t\t\t\t<section class=\"elementor-section elementor-top-section elementor-element elementor-element-c5f611d elementor-section-boxed elementor-section-height-default elementor-section-height-default\" data-id=\"c5f611d\" data-element_type=\"section\" data-e-type=\"section\" data-settings=\"{&quot;jet_parallax_layout_list&quot;:[],&quot;background_background&quot;:&quot;classic&quot;}\">\n\t\t\t\t\t\t\t<div class=\"elementor-background-overlay\"><\/div>\n\t\t\t\t\t\t\t<div class=\"elementor-container elementor-column-gap-default\">\n\t\t\t\t\t<div class=\"elementor-column elementor-col-100 elementor-top-column elementor-element elementor-element-d8d1c59\" data-id=\"d8d1c59\" data-element_type=\"column\" data-e-type=\"column\" data-settings=\"{&quot;background_background&quot;:&quot;classic&quot;,&quot;animation&quot;:&quot;none&quot;}\">\n\t\t\t<div class=\"elementor-widget-wrap elementor-element-populated\">\n\t\t\t\t\t<div class=\"elementor-background-overlay\"><\/div>\n\t\t\t\t\t\t<div class=\"elementor-element elementor-element-e3f05bf elementor-widget elementor-widget-heading\" data-id=\"e3f05bf\" data-element_type=\"widget\" data-e-type=\"widget\" data-widget_type=\"heading.default\">\n\t\t\t\t<div class=\"elementor-widget-container\">\n\t\t\t\t\t<h1 class=\"elementor-heading-title elementor-size-xxl\">Equips<\/h1>\t\t\t\t<\/div>\n\t\t\t\t<\/div>\n\t\t\t\t<div class=\"elementor-element elementor-element-481670e elementor-widget elementor-widget-heading\" data-id=\"481670e\" data-element_type=\"widget\" data-e-type=\"widget\" data-widget_type=\"heading.default\">\n\t\t\t\t<div class=\"elementor-widget-container\">\n\t\t\t\t\t<h2 class=\"elementor-heading-title elementor-size-default\">Per al funcionament correcte dels bioserveis<\/h2>\t\t\t\t<\/div>\n\t\t\t\t<\/div>\n\t\t\t\t<div class=\"elementor-element elementor-element-9d2abc6 elementor-widget elementor-widget-text-editor\" data-id=\"9d2abc6\" data-element_type=\"widget\" data-e-type=\"widget\" data-widget_type=\"text-editor.default\">\n\t\t\t\t<div class=\"elementor-widget-container\">\n\t\t\t\t\t\t\t\t\t<p><span style=\"text-align: left;\">Tan necessari \u00e9s el <strong>personal format<\/strong> per dur a terme els protocols de desinfecci\u00f3 com els equips que cal utilitzar. A<strong> Taxus &amp; Reels<\/strong> posem a disposici\u00f3 del client les dues coses. A m\u00e9s d&#039;una <strong>formaci\u00f3<\/strong> de la m\u00e0 de persones qualificades i titulades.\u00a0<\/span><\/p><p>Comptem amb diversos <strong>equips<\/strong> sense els que seria impossible dur a terme la feina que realitzem.\u00a0<\/p>\t\t\t\t\t\t\t\t<\/div>\n\t\t\t\t<\/div>\n\t\t\t\t\t<\/div>\n\t\t<\/div>\n\t\t\t\t\t<\/div>\n\t\t<\/section>\n\t\t\t\t<section class=\"elementor-section elementor-top-section elementor-element elementor-element-1252f2d elementor-section-boxed elementor-section-height-default elementor-section-height-default\" data-id=\"1252f2d\" data-element_type=\"section\" data-e-type=\"section\" data-settings=\"{&quot;jet_parallax_layout_list&quot;:[],&quot;background_background&quot;:&quot;classic&quot;}\">\n\t\t\t\t\t\t\t<div class=\"elementor-background-overlay\"><\/div>\n\t\t\t\t\t\t\t<div class=\"elementor-container elementor-column-gap-default\">\n\t\t\t\t\t<div class=\"elementor-column elementor-col-50 elementor-top-column elementor-element elementor-element-444f177\" data-id=\"444f177\" data-element_type=\"column\" data-e-type=\"column\" data-settings=\"{&quot;background_background&quot;:&quot;classic&quot;,&quot;animation_mobile&quot;:&quot;fadeInLeft&quot;}\">\n\t\t\t<div class=\"elementor-widget-wrap elementor-element-populated\">\n\t\t\t\t\t\t<div class=\"elementor-element elementor-element-77492e4 elementor-view-framed elementor-shape-square elementor-position-block-start elementor-mobile-position-block-start elementor-widget elementor-widget-icon-box\" data-id=\"77492e4\" data-element_type=\"widget\" data-e-type=\"widget\" data-settings=\"{&quot;_animation_mobile&quot;:&quot;none&quot;}\" data-widget_type=\"icon-box.default\">\n\t\t\t\t<div class=\"elementor-widget-container\">\n\t\t\t\t\t\t\t<div class=\"elementor-icon-box-wrapper\">\n\n\t\t\t\t\t\t<div class=\"elementor-icon-box-icon\">\n\t\t\t\t<span  class=\"elementor-icon elementor-animation-sink\">\n\t\t\t\t<i aria-hidden=\"true\" class=\"fas fa-pump-soap\"><\/i>\t\t\t\t<\/span>\n\t\t\t<\/div>\n\t\t\t\n\t\t\t\t\t\t<div class=\"elementor-icon-box-content\">\n\n\t\t\t\t\t\t\t\t\t<h3 class=\"elementor-icon-box-title\">\n\t\t\t\t\t\t<span  >\n\t\t\t\t\t\t\tBombes Dosificadores\t\t\t\t\t\t<\/span>\n\t\t\t\t\t<\/h3>\n\t\t\t\t\n\t\t\t\t\n\t\t\t<\/div>\n\t\t\t\n\t\t<\/div>\n\t\t\t\t\t\t<\/div>\n\t\t\t\t<\/div>\n\t\t\t\t<div class=\"elementor-element elementor-element-128cc84 elementor-widget elementor-widget-text-editor\" data-id=\"128cc84\" data-element_type=\"widget\" data-e-type=\"widget\" data-widget_type=\"text-editor.default\">\n\t\t\t\t<div class=\"elementor-widget-container\">\n\t\t\t\t\t\t\t\t\t<p>Aquest tipus d&#039;equips permeten mesurar la quantitat de producte que utilitzem en cada moment.\u00a0<\/p><p>Per poder dur a terme aquesta tasca, \u00e9s important rebre una formaci\u00f3 concreta, ja que aquest equip t\u00e9 riscos i els biocides utilitzats de vegades s\u00f3n perillosos.<\/p>\t\t\t\t\t\t\t\t<\/div>\n\t\t\t\t<\/div>\n\t\t\t\t\t<\/div>\n\t\t<\/div>\n\t\t\t\t<div class=\"elementor-column elementor-col-50 elementor-top-column elementor-element elementor-element-895a77e\" data-id=\"895a77e\" data-element_type=\"column\" data-e-type=\"column\" data-settings=\"{&quot;background_background&quot;:&quot;classic&quot;,&quot;animation_mobile&quot;:&quot;fadeInLeft&quot;}\">\n\t\t\t<div class=\"elementor-widget-wrap elementor-element-populated\">\n\t\t\t\t\t\t<div class=\"elementor-element elementor-element-0d9b411 elementor-view-framed elementor-shape-square elementor-position-block-start elementor-mobile-position-block-start elementor-widget elementor-widget-icon-box\" data-id=\"0d9b411\" data-element_type=\"widget\" data-e-type=\"widget\" data-settings=\"{&quot;_animation_mobile&quot;:&quot;none&quot;}\" data-widget_type=\"icon-box.default\">\n\t\t\t\t<div class=\"elementor-widget-container\">\n\t\t\t\t\t\t\t<div class=\"elementor-icon-box-wrapper\">\n\n\t\t\t\t\t\t<div class=\"elementor-icon-box-icon\">\n\t\t\t\t<span  class=\"elementor-icon elementor-animation-sink\">\n\t\t\t\t<i aria-hidden=\"true\" class=\"far fa-lightbulb\"><\/i>\t\t\t\t<\/span>\n\t\t\t<\/div>\n\t\t\t\n\t\t\t\t\t\t<div class=\"elementor-icon-box-content\">\n\n\t\t\t\t\t\t\t\t\t<h3 class=\"elementor-icon-box-title\">\n\t\t\t\t\t\t<span  >\n\t\t\t\t\t\t\tSistemes Bioluminiscents\t\t\t\t\t\t<\/span>\n\t\t\t\t\t<\/h3>\n\t\t\t\t\n\t\t\t\t\n\t\t\t<\/div>\n\t\t\t\n\t\t<\/div>\n\t\t\t\t\t\t<\/div>\n\t\t\t\t<\/div>\n\t\t\t\t<div class=\"elementor-element elementor-element-0f3d1f1 elementor-widget elementor-widget-text-editor\" data-id=\"0f3d1f1\" data-element_type=\"widget\" data-e-type=\"widget\" data-widget_type=\"text-editor.default\">\n\t\t\t\t<div class=\"elementor-widget-container\">\n\t\t\t\t\t\t\t\t\t<p>Gr\u00e0cies als propis sistemes que tenen la qualitat de la nostra pr\u00f2pia marca, podem fer mesuraments per biocides de luminesc\u00e8ncia.\u00a0<\/p><p>Nom\u00e9s personal format i titulat pot dur a terme aquest tipus de funci\u00f3.\u00a0<\/p>\t\t\t\t\t\t\t\t<\/div>\n\t\t\t\t<\/div>\n\t\t\t\t\t<\/div>\n\t\t<\/div>\n\t\t\t\t\t<\/div>\n\t\t<\/section>\n\t\t\t\t<section class=\"elementor-section elementor-top-section elementor-element elementor-element-fa88d42 elementor-section-boxed elementor-section-height-default elementor-section-height-default\" data-id=\"fa88d42\" data-element_type=\"section\" data-e-type=\"section\" data-settings=\"{&quot;jet_parallax_layout_list&quot;:[],&quot;background_background&quot;:&quot;classic&quot;}\">\n\t\t\t\t\t\t\t<div class=\"elementor-background-overlay\"><\/div>\n\t\t\t\t\t\t\t<div class=\"elementor-container elementor-column-gap-default\">\n\t\t\t\t\t<div class=\"elementor-column elementor-col-50 elementor-top-column elementor-element elementor-element-97356ae\" data-id=\"97356ae\" data-element_type=\"column\" data-e-type=\"column\" data-settings=\"{&quot;background_background&quot;:&quot;classic&quot;,&quot;animation_mobile&quot;:&quot;fadeInLeft&quot;}\">\n\t\t\t<div class=\"elementor-widget-wrap elementor-element-populated\">\n\t\t\t\t\t\t<div class=\"elementor-element elementor-element-76de3a3 elementor-view-framed elementor-shape-square elementor-position-block-start elementor-mobile-position-block-start elementor-widget elementor-widget-icon-box\" data-id=\"76de3a3\" data-element_type=\"widget\" data-e-type=\"widget\" data-settings=\"{&quot;_animation_mobile&quot;:&quot;none&quot;}\" data-widget_type=\"icon-box.default\">\n\t\t\t\t<div class=\"elementor-widget-container\">\n\t\t\t\t\t\t\t<div class=\"elementor-icon-box-wrapper\">\n\n\t\t\t\t\t\t<div class=\"elementor-icon-box-icon\">\n\t\t\t\t<span  class=\"elementor-icon elementor-animation-sink\">\n\t\t\t\t<i aria-hidden=\"true\" class=\"fas fa-syringe\"><\/i>\t\t\t\t<\/span>\n\t\t\t<\/div>\n\t\t\t\n\t\t\t\t\t\t<div class=\"elementor-icon-box-content\">\n\n\t\t\t\t\t\t\t\t\t<h3 class=\"elementor-icon-box-title\">\n\t\t\t\t\t\t<span  >\n\t\t\t\t\t\t\tEquips d&#039;injecci\u00f3\t\t\t\t\t\t<\/span>\n\t\t\t\t\t<\/h3>\n\t\t\t\t\n\t\t\t\t\n\t\t\t<\/div>\n\t\t\t\n\t\t<\/div>\n\t\t\t\t\t\t<\/div>\n\t\t\t\t<\/div>\n\t\t\t\t<div class=\"elementor-element elementor-element-883c22d elementor-widget elementor-widget-text-editor\" data-id=\"883c22d\" data-element_type=\"widget\" data-e-type=\"widget\" data-widget_type=\"text-editor.default\">\n\t\t\t\t<div class=\"elementor-widget-container\">\n\t\t\t\t\t\t\t\t\t<p>Aquest tipus de desinfecci\u00f3 total es realitza a altes pressions, de manera que la seguretat i la desinfecci\u00f3 que es realitza \u00e9s molt m\u00e9s gran que amb qualsevol altre detergent o desinfectant.\u00a0<\/p><p>La feina d&#039;aquests biocides a altes pressions requereix treballadors especialitzats.\u00a0<\/p>\t\t\t\t\t\t\t\t<\/div>\n\t\t\t\t<\/div>\n\t\t\t\t\t<\/div>\n\t\t<\/div>\n\t\t\t\t<div class=\"elementor-column elementor-col-50 elementor-top-column elementor-element elementor-element-03327be\" data-id=\"03327be\" data-element_type=\"column\" data-e-type=\"column\" data-settings=\"{&quot;background_background&quot;:&quot;classic&quot;,&quot;animation_mobile&quot;:&quot;fadeInLeft&quot;}\">\n\t\t\t<div class=\"elementor-widget-wrap elementor-element-populated\">\n\t\t\t\t\t\t<div class=\"elementor-element elementor-element-0307d91 elementor-view-framed elementor-shape-square elementor-position-block-start elementor-mobile-position-block-start elementor-widget elementor-widget-icon-box\" data-id=\"0307d91\" data-element_type=\"widget\" data-e-type=\"widget\" data-settings=\"{&quot;_animation_mobile&quot;:&quot;none&quot;}\" data-widget_type=\"icon-box.default\">\n\t\t\t\t<div class=\"elementor-widget-container\">\n\t\t\t\t\t\t\t<div class=\"elementor-icon-box-wrapper\">\n\n\t\t\t\t\t\t<div class=\"elementor-icon-box-icon\">\n\t\t\t\t<span  class=\"elementor-icon elementor-animation-sink\">\n\t\t\t\t<i aria-hidden=\"true\" class=\"far fa-square\"><\/i>\t\t\t\t<\/span>\n\t\t\t<\/div>\n\t\t\t\n\t\t\t\t\t\t<div class=\"elementor-icon-box-content\">\n\n\t\t\t\t\t\t\t\t\t<h3 class=\"elementor-icon-box-title\">\n\t\t\t\t\t\t<span  >\n\t\t\t\t\t\t\tHidrorentadores\t\t\t\t\t\t<\/span>\n\t\t\t\t\t<\/h3>\n\t\t\t\t\n\t\t\t\t\n\t\t\t<\/div>\n\t\t\t\n\t\t<\/div>\n\t\t\t\t\t\t<\/div>\n\t\t\t\t<\/div>\n\t\t\t\t<div class=\"elementor-element elementor-element-74d4fee elementor-widget elementor-widget-text-editor\" data-id=\"74d4fee\" data-element_type=\"widget\" data-e-type=\"widget\" data-widget_type=\"text-editor.default\">\n\t\t\t\t<div class=\"elementor-widget-container\">\n\t\t\t\t\t\t\t\t\t<p>Aquests sistemes d&#039;hidrorentadores a alta pressi\u00f3 poden netejar i esterilitzar maquin\u00e0ria de tota mena. De manera que s&#039;assegura una neteja completa de qualsevol maquin\u00e0ria de qualsevol \u00fas i mida.&nbsp;<\/p>\n<p>La pressi\u00f3 a qu\u00e8 se sotmeten les hidrolavadores \u00e9s molt alta, per la qual cosa tamb\u00e9 requereix formaci\u00f3 espec\u00edfica.&nbsp;<\/p>\t\t\t\t\t\t\t\t<\/div>\n\t\t\t\t<\/div>\n\t\t\t\t\t<\/div>\n\t\t<\/div>\n\t\t\t\t\t<\/div>\n\t\t<\/section>\n\t\t\t\t<\/div>","protected":false},"excerpt":{"rendered":"<p>Equipos Para el funcionamiento correcto de los bioservicios Tan necesario es el personal formado para llevar a cabo los protocolos de desinfecci\u00f3n como los equipos a utilizar. En Taxus &amp; Reels ponemos a disposici\u00f3n del cliente ambas cosas. Adem\u00e1s de una formaci\u00f3n de la mano de personas cualificadas y tituladas.\u00a0 Contamos con diversos equipos sin [&hellip;]<\/p>\n","protected":false},"author":4,"featured_media":0,"parent":16,"menu_order":0,"comment_status":"closed","ping_status":"closed","template":"","meta":{"_monsterinsights_skip_tracking":false,"_monsterinsights_sitenote_active":false,"_monsterinsights_sitenote_note":"","_monsterinsights_sitenote_category":0,"footnotes":""},"class_list":["post-32","page","type-page","status-publish","hentry"],"yoast_head":"<!-- This site is optimized with the Yoast SEO plugin v27.4 - https:\/\/yoast.com\/product\/yoast-seo-wordpress\/ -->\n<title>Equipos de trabajo - Taxus&amp;Reels<\/title>\n<meta name=\"description\" content=\"Te mostramos cu\u00e1les son los equipos de bioseguridad que utilizamos en nuestras intervenciones de desinfecci\u00f3n y limpieza.\" \/>\n<meta name=\"robots\" content=\"index, follow, max-snippet:-1, max-image-preview:large, max-video-preview:-1\" \/>\n<link rel=\"canonical\" href=\"https:\/\/taxusreels.com\/ca\/servicios\/equipos\/\" \/>\n<meta property=\"og:locale\" content=\"ca_ES\" \/>\n<meta property=\"og:type\" content=\"article\" \/>\n<meta property=\"og:title\" content=\"Equipos de trabajo - Taxus&amp;Reels\" \/>\n<meta property=\"og:description\" content=\"Te mostramos cu\u00e1les son los equipos de bioseguridad que utilizamos en nuestras intervenciones de desinfecci\u00f3n y limpieza.\" \/>\n<meta property=\"og:url\" content=\"https:\/\/taxusreels.com\/ca\/servicios\/equipos\/\" \/>\n<meta property=\"og:site_name\" content=\"Taxus&amp;Reels\" \/>\n<meta property=\"article:modified_time\" content=\"2023-03-24T12:30:40+00:00\" \/>\n<meta name=\"twitter:card\" content=\"summary_large_image\" \/>\n<meta name=\"twitter:label1\" content=\"Temps estimat de lectura\" \/>\n\t<meta name=\"twitter:data1\" content=\"2 minuts\" \/>\n<script type=\"application\/ld+json\" class=\"yoast-schema-graph\">{\"@context\":\"https:\\\/\\\/schema.org\",\"@graph\":[{\"@type\":\"WebPage\",\"@id\":\"https:\\\/\\\/taxusreels.com\\\/servicios\\\/equipos\\\/\",\"url\":\"https:\\\/\\\/taxusreels.com\\\/servicios\\\/equipos\\\/\",\"name\":\"Equipos de trabajo - Taxus&amp;Reels\",\"isPartOf\":{\"@id\":\"https:\\\/\\\/taxusreels.com\\\/#website\"},\"datePublished\":\"2022-02-10T12:22:33+00:00\",\"dateModified\":\"2023-03-24T12:30:40+00:00\",\"description\":\"Te mostramos cu\u00e1les son los equipos de bioseguridad que utilizamos en nuestras intervenciones de desinfecci\u00f3n y limpieza.\",\"breadcrumb\":{\"@id\":\"https:\\\/\\\/taxusreels.com\\\/servicios\\\/equipos\\\/#breadcrumb\"},\"inLanguage\":\"ca\",\"potentialAction\":[{\"@type\":\"ReadAction\",\"target\":[\"https:\\\/\\\/taxusreels.com\\\/servicios\\\/equipos\\\/\"]}]},{\"@type\":\"BreadcrumbList\",\"@id\":\"https:\\\/\\\/taxusreels.com\\\/servicios\\\/equipos\\\/#breadcrumb\",\"itemListElement\":[{\"@type\":\"ListItem\",\"position\":1,\"name\":\"Portada\",\"item\":\"https:\\\/\\\/taxusreels.com\\\/\"},{\"@type\":\"ListItem\",\"position\":2,\"name\":\"Servicios\",\"item\":\"https:\\\/\\\/taxusreels.com\\\/servicios\\\/\"},{\"@type\":\"ListItem\",\"position\":3,\"name\":\"Equipos\"}]},{\"@type\":\"WebSite\",\"@id\":\"https:\\\/\\\/taxusreels.com\\\/#website\",\"url\":\"https:\\\/\\\/taxusreels.com\\\/\",\"name\":\"Taxus&amp;Reels\",\"description\":\"Bioseguridad, desinfecci\u00f3n y control de plagas\",\"publisher\":{\"@id\":\"https:\\\/\\\/taxusreels.com\\\/#organization\"},\"potentialAction\":[{\"@type\":\"SearchAction\",\"target\":{\"@type\":\"EntryPoint\",\"urlTemplate\":\"https:\\\/\\\/taxusreels.com\\\/?s={search_term_string}\"},\"query-input\":{\"@type\":\"PropertyValueSpecification\",\"valueRequired\":true,\"valueName\":\"search_term_string\"}}],\"inLanguage\":\"ca\"},{\"@type\":\"Organization\",\"@id\":\"https:\\\/\\\/taxusreels.com\\\/#organization\",\"name\":\"Taxus&Reels\",\"url\":\"https:\\\/\\\/taxusreels.com\\\/\",\"logo\":{\"@type\":\"ImageObject\",\"inLanguage\":\"ca\",\"@id\":\"https:\\\/\\\/taxusreels.com\\\/#\\\/schema\\\/logo\\\/image\\\/\",\"url\":\"https:\\\/\\\/taxus-reels-a.c.wetopi.com\\\/wp-content\\\/uploads\\\/2022\\\/03\\\/logo_taxusreels_250x220.png\",\"contentUrl\":\"https:\\\/\\\/taxus-reels-a.c.wetopi.com\\\/wp-content\\\/uploads\\\/2022\\\/03\\\/logo_taxusreels_250x220.png\",\"width\":250,\"height\":220,\"caption\":\"Taxus&Reels\"},\"image\":{\"@id\":\"https:\\\/\\\/taxusreels.com\\\/#\\\/schema\\\/logo\\\/image\\\/\"}}]}<\/script>\n<!-- \/ Yoast SEO plugin. -->","yoast_head_json":{"title":"Equips de treball - Taxus&amp;Reels","description":"Et mostrem quins s\u00f3n els equips de bioseguretat que utilitzem a les nostres intervencions de desinfecci\u00f3 i neteja.","robots":{"index":"index","follow":"follow","max-snippet":"max-snippet:-1","max-image-preview":"max-image-preview:large","max-video-preview":"max-video-preview:-1"},"canonical":"https:\/\/taxusreels.com\/ca\/servicios\/equipos\/","og_locale":"ca_ES","og_type":"article","og_title":"Equipos de trabajo - Taxus&amp;Reels","og_description":"Te mostramos cu\u00e1les son los equipos de bioseguridad que utilizamos en nuestras intervenciones de desinfecci\u00f3n y limpieza.","og_url":"https:\/\/taxusreels.com\/ca\/servicios\/equipos\/","og_site_name":"Taxus&amp;Reels","article_modified_time":"2023-03-24T12:30:40+00:00","twitter_card":"summary_large_image","twitter_misc":{"Temps estimat de lectura":"2 minuts"},"schema":{"@context":"https:\/\/schema.org","@graph":[{"@type":"WebPage","@id":"https:\/\/taxusreels.com\/servicios\/equipos\/","url":"https:\/\/taxusreels.com\/servicios\/equipos\/","name":"Equips de treball - Taxus&amp;Reels","isPartOf":{"@id":"https:\/\/taxusreels.com\/#website"},"datePublished":"2022-02-10T12:22:33+00:00","dateModified":"2023-03-24T12:30:40+00:00","description":"Et mostrem quins s\u00f3n els equips de bioseguretat que utilitzem a les nostres intervencions de desinfecci\u00f3 i neteja.","breadcrumb":{"@id":"https:\/\/taxusreels.com\/servicios\/equipos\/#breadcrumb"},"inLanguage":"ca","potentialAction":[{"@type":"ReadAction","target":["https:\/\/taxusreels.com\/servicios\/equipos\/"]}]},{"@type":"BreadcrumbList","@id":"https:\/\/taxusreels.com\/servicios\/equipos\/#breadcrumb","itemListElement":[{"@type":"ListItem","position":1,"name":"Portada","item":"https:\/\/taxusreels.com\/"},{"@type":"ListItem","position":2,"name":"Servicios","item":"https:\/\/taxusreels.com\/servicios\/"},{"@type":"ListItem","position":3,"name":"Equipos"}]},{"@type":"WebSite","@id":"https:\/\/taxusreels.com\/#website","url":"https:\/\/taxusreels.com\/","name":"Taxus&amp;Reels","description":"Bioseguretat, desinfecci\u00f3 i control de plagues","publisher":{"@id":"https:\/\/taxusreels.com\/#organization"},"potentialAction":[{"@type":"SearchAction","target":{"@type":"EntryPoint","urlTemplate":"https:\/\/taxusreels.com\/?s={search_term_string}"},"query-input":{"@type":"PropertyValueSpecification","valueRequired":true,"valueName":"search_term_string"}}],"inLanguage":"ca"},{"@type":"Organization","@id":"https:\/\/taxusreels.com\/#organization","name":"Taxus&amp;Reels","url":"https:\/\/taxusreels.com\/","logo":{"@type":"ImageObject","inLanguage":"ca","@id":"https:\/\/taxusreels.com\/#\/schema\/logo\/image\/","url":"https:\/\/taxus-reels-a.c.wetopi.com\/wp-content\/uploads\/2022\/03\/logo_taxusreels_250x220.png","contentUrl":"https:\/\/taxus-reels-a.c.wetopi.com\/wp-content\/uploads\/2022\/03\/logo_taxusreels_250x220.png","width":250,"height":220,"caption":"Taxus&Reels"},"image":{"@id":"https:\/\/taxusreels.com\/#\/schema\/logo\/image\/"}}]}},"_links":{"self":[{"href":"https:\/\/taxusreels.com\/ca\/wp-json\/wp\/v2\/pages\/32","targetHints":{"allow":["GET"]}}],"collection":[{"href":"https:\/\/taxusreels.com\/ca\/wp-json\/wp\/v2\/pages"}],"about":[{"href":"https:\/\/taxusreels.com\/ca\/wp-json\/wp\/v2\/types\/page"}],"author":[{"embeddable":true,"href":"https:\/\/taxusreels.com\/ca\/wp-json\/wp\/v2\/users\/4"}],"replies":[{"embeddable":true,"href":"https:\/\/taxusreels.com\/ca\/wp-json\/wp\/v2\/comments?post=32"}],"version-history":[{"count":3,"href":"https:\/\/taxusreels.com\/ca\/wp-json\/wp\/v2\/pages\/32\/revisions"}],"predecessor-version":[{"id":6478,"href":"https:\/\/taxusreels.com\/ca\/wp-json\/wp\/v2\/pages\/32\/revisions\/6478"}],"up":[{"embeddable":true,"href":"https:\/\/taxusreels.com\/ca\/wp-json\/wp\/v2\/pages\/16"}],"wp:attachment":[{"href":"https:\/\/taxusreels.com\/ca\/wp-json\/wp\/v2\/media?parent=32"}],"curies":[{"name":"wp","href":"https:\/\/api.w.org\/{rel}","templated":true}]}}