{"id":3,"date":"2022-02-01T10:43:00","date_gmt":"2022-02-01T09:43:00","guid":{"rendered":"https:\/\/taxusreels.com\/?page_id=3"},"modified":"2022-06-28T11:39:11","modified_gmt":"2022-06-28T09:39:11","slug":"politica-privacidad","status":"publish","type":"page","link":"https:\/\/taxusreels.com\/ca\/politica-privacidad\/","title":{"rendered":"Pol\u00edtica de privadesa"},"content":{"rendered":"<div data-elementor-type=\"wp-page\" data-elementor-id=\"3\" class=\"elementor elementor-3\" data-elementor-post-type=\"page\">\n\t\t\t\t\t\t<section class=\"elementor-section elementor-top-section elementor-element elementor-element-857f027 elementor-section-boxed elementor-section-height-default elementor-section-height-default\" data-id=\"857f027\" data-element_type=\"section\" data-e-type=\"section\" data-settings=\"{&quot;jet_parallax_layout_list&quot;:[],&quot;background_background&quot;:&quot;gradient&quot;,&quot;shape_divider_bottom&quot;:&quot;tilt&quot;}\">\n\t\t\t\t\t\t\t<div class=\"elementor-background-overlay\"><\/div>\n\t\t\t\t\t\t<div class=\"elementor-shape elementor-shape-bottom\" aria-hidden=\"true\" data-negative=\"false\">\n\t\t\t<svg xmlns=\"http:\/\/www.w3.org\/2000\/svg\" viewbox=\"0 0 1000 100\" preserveaspectratio=\"none\">\n\t<path class=\"elementor-shape-fill\" d=\"M0,6V0h1000v100L0,6z\"\/>\n<\/svg>\t\t<\/div>\n\t\t\t\t\t<div class=\"elementor-container elementor-column-gap-default\">\n\t\t\t\t\t<div class=\"elementor-column elementor-col-100 elementor-top-column elementor-element elementor-element-a1b367f\" data-id=\"a1b367f\" data-element_type=\"column\" data-e-type=\"column\">\n\t\t\t<div class=\"elementor-widget-wrap\">\n\t\t\t\t\t\t\t<\/div>\n\t\t<\/div>\n\t\t\t\t\t<\/div>\n\t\t<\/section>\n\t\t\t\t<section class=\"elementor-section elementor-top-section elementor-element elementor-element-0500301 elementor-section-boxed elementor-section-height-default elementor-section-height-default\" data-id=\"0500301\" data-element_type=\"section\" data-e-type=\"section\" data-settings=\"{&quot;jet_parallax_layout_list&quot;:[],&quot;background_background&quot;:&quot;classic&quot;}\">\n\t\t\t\t\t\t\t<div class=\"elementor-background-overlay\"><\/div>\n\t\t\t\t\t\t\t<div class=\"elementor-container elementor-column-gap-default\">\n\t\t\t\t\t<div class=\"elementor-column elementor-col-100 elementor-top-column elementor-element elementor-element-5d9897e\" data-id=\"5d9897e\" data-element_type=\"column\" data-e-type=\"column\" data-settings=\"{&quot;background_background&quot;:&quot;classic&quot;,&quot;animation&quot;:&quot;none&quot;}\">\n\t\t\t<div class=\"elementor-widget-wrap elementor-element-populated\">\n\t\t\t\t\t<div class=\"elementor-background-overlay\"><\/div>\n\t\t\t\t\t\t<div class=\"elementor-element elementor-element-aec8d3e elementor-widget elementor-widget-heading\" data-id=\"aec8d3e\" data-element_type=\"widget\" data-e-type=\"widget\" data-widget_type=\"heading.default\">\n\t\t\t\t<div class=\"elementor-widget-container\">\n\t\t\t\t\t<h2 class=\"elementor-heading-title elementor-size-xxl\">Pol\u00edtica de Privadesa<\/h2>\t\t\t\t<\/div>\n\t\t\t\t<\/div>\n\t\t\t\t<div class=\"elementor-element elementor-element-da84945 elementor-widget elementor-widget-heading\" data-id=\"da84945\" data-element_type=\"widget\" data-e-type=\"widget\" data-widget_type=\"heading.default\">\n\t\t\t\t<div class=\"elementor-widget-container\">\n\t\t\t\t\t<h3 class=\"elementor-heading-title elementor-size-default\">Pol\u00edtica de privadesa i responsable de la protecci\u00f3 de dades<\/h3>\t\t\t\t<\/div>\n\t\t\t\t<\/div>\n\t\t\t\t\t<\/div>\n\t\t<\/div>\n\t\t\t\t\t<\/div>\n\t\t<\/section>\n\t\t\t\t<section class=\"elementor-section elementor-top-section elementor-element elementor-element-60adcf7 elementor-section-boxed elementor-section-height-default elementor-section-height-default\" data-id=\"60adcf7\" data-element_type=\"section\" data-e-type=\"section\" data-settings=\"{&quot;jet_parallax_layout_list&quot;:[]}\">\n\t\t\t\t\t\t<div class=\"elementor-container elementor-column-gap-default\">\n\t\t\t\t\t<div class=\"elementor-column elementor-col-100 elementor-top-column elementor-element elementor-element-c76018e\" data-id=\"c76018e\" data-element_type=\"column\" data-e-type=\"column\">\n\t\t\t<div class=\"elementor-widget-wrap elementor-element-populated\">\n\t\t\t\t\t\t<div class=\"elementor-element elementor-element-ece814b elementor-widget elementor-widget-text-editor\" data-id=\"ece814b\" data-element_type=\"widget\" data-e-type=\"widget\" data-widget_type=\"text-editor.default\">\n\t\t\t\t<div class=\"elementor-widget-container\">\n\t\t\t\t\t\t\t\t\t<p>El titular \u00e9s el responsable de les dades personals que s\u00f3n recollides per la navegaci\u00f3 i \u00fas d&#039;aquesta web d&#039;acord amb els requisits establerts pel\u00a0<strong>REGLAMENT (UE) 2016\/679\u00a0<\/strong>relatiu a la protecci\u00f3 de dades de les persones f\u00edsiques aix\u00ed com conforme a la\u00a0<strong>Llei 34\/2002 de 11 de juliol de Serveis de la Societat de la Informaci\u00f3 i del Comer\u00e7 Electr\u00f2nic (LSSI-CE)\u00a0<\/strong>.<\/p><p>En utilitzar aquest lloc web entenem que heu llegit i compr\u00e8s la informaci\u00f3 que s&#039;exposa en relaci\u00f3 amb el tractament de les vostres dades de car\u00e0cter personal.<\/p><h3><strong>Pol\u00edtica de protecci\u00f3 de dades\u00a0<\/strong><\/h3><p>El responsable aplica el principi de responsabilitat activa en el tractament de les dades de car\u00e0cter personal, mantenint una constant posada al dia i una promoci\u00f3 de la millora cont\u00ednua del sistema de protecci\u00f3 de dades conforme als requisits legals exigibles, garantint en tot cas:<\/p><ul><li>el respecte a les llibertats i els drets fonamentals de les persones f\u00edsiques<\/li><li>que les dades s\u00f3n tractades de manera l\u00edcita, lleial i transparent<\/li><li>que les dades tractades s\u00f3n exactes, adequades, pertinents i limitades en relaci\u00f3 amb les finalitats per a les quals s\u00f3n recollides<\/li><li>que els fins per als que s\u00f3n recollits s\u00f3n expl\u00edcits i leg\u00edtims i que no s\u00f3n tractats de manera incompatible amb aquests fins<\/li><\/ul><p>La finalitat d&#039;aquest document \u00e9s informar els usuaris sobre qu\u00e8 fem amb les vostres dades personals, com es demanaven, per a qu\u00e8 s&#039;utilitzen, els drets que els assisteixen aix\u00ed com tota la informaci\u00f3 legal necess\u00e0ria establerta per la normativa vigent.<\/p><h3><strong>Dades recollides, finalitat i licitud<\/strong><\/h3><p>Les dades de car\u00e0cter personal tractades s\u00f3n les aportades pels usuaris a trav\u00e9s dels formularis disponibles en aquest lloc web i s\u00f3n els m\u00ednims exigibles per poder:<\/p><ul><li>enviar informaci\u00f3 sobre els nostres productes \/ serveis<\/li><li>atendre consultes.<\/li><li>tramitar comandes, aix\u00ed com poder elaborar les factures corresponents, informar sobre l&#039;estat de les comandes, atendre reclamacions i qualsevol altra gesti\u00f3 derivada de la prestaci\u00f3 del servei realitzat a trav\u00e9s d&#039;aquest lloc web.<\/li><\/ul><p>Aquestes finalitats estan basades en principis legals de tractament de les dades recollides per la normativa vigent: per a l&#039;execuci\u00f3 d&#039;un contracte o la prestaci\u00f3 d&#039;un servei als usuaris, per al compliment d&#039;obligacions legals, per l&#039;inter\u00e8s leg\u00edtim i amb el consentiment de els usuaris.<\/p><h3><strong>Formularis web<\/strong><\/h3><p>Les dades personals recollides a trav\u00e9s del\u00a0 <strong>formulari web de contacte\u00a0<\/strong>es fan servir per poder atendre qualsevol consulta que l&#039;usuari faci a trav\u00e9s del mateix.<\/p><p>Les dades personals recollides al\u00a0<strong>formulari de comandes\u00a0<\/strong>tenen la finalitat de tractar les dades necess\u00e0ries per a la correcta gesti\u00f3 de les comandes.<\/p><p>El tractament de les dades est\u00e0 legitimat pel consentiment que vost\u00e8 ens presta en acceptar expressament les condicions del tractament informades a trav\u00e9s d&#039;aquesta pol\u00edtica de privadesa.<\/p><h3><strong>Destinataris de les dades<\/strong><\/h3><p>Les dades de car\u00e0cter personal obtingudes a trav\u00e9s dels formularis web s\u00f3n registrades i conservades en suports electr\u00f2nics controlats i supervisats pel responsable del tractament.<\/p><p>Les vostres dades personals no seran comunicades a tercers, llevat que aquesta comunicaci\u00f3 de dades estigui emparada en una obligaci\u00f3 legal o quan per a la correcta prestaci\u00f3 del servei o l&#039;execuci\u00f3 del contracte sigui necessari comunicar les vostres dades a tercers per poder efectuar el pagament ( passarel\u00b7les de pagament), aix\u00ed com gestionar els lliuraments dels productes (transportistes) emparada aquesta cessi\u00f3 en les necessitats del servei. Pagament mitjan\u00e7ant altres passarel\u00b7les de pagament, recomanem a l&#039;usuari que li la pol\u00edtica de privadesa per entendre com maneja la informaci\u00f3 personal, per exemple:<\/p><p>Redsys Serveis de Processament, SL (\u201cRedsys\u201d), amb domicili a Madrid, carrer Francisco Sancha, n\u00famero 12, i amb CIF n\u00famero B-85955367, que compleix \u00edntegrament amb la legislaci\u00f3 vigent en mat\u00e8ria de protecci\u00f3 de dades de car\u00e0cter personal i amb els compromisos de confidencialitat propis de la vostra activitat. Redsys ha adoptat les mesures t\u00e8cniques necess\u00e0ries per mantenir el nivell de seguretat requerit. Podeu veure la vostra pol\u00edtica de privadesa\u00a0 <a href=\"https:\/\/www.redsys.es\/legal\/20180223_politica_de_privacidad_web_publica_redsys.pdf\">aqu\u00ed.\u00a0<\/a>\u00a0<\/p><p>PayPal (Europe) S.\u00e0.rl et Cie, SCA (RCS Luxembourg B 118 349), la pol\u00edtica de la qual de privadesa estableix les mesures de seguretat adequades per al correcte tractament de les dades personals dels usuaris. Podeu veure la vostra pol\u00edtica de privadesa\u00a0 <a href=\"https:\/\/www.paypal.com\/es\/webapps\/mpp\/ua\/privacy-full?locale.x=es_ES#1\">aqu\u00ed.<\/a><\/p><p>Per als casos en qu\u00e8 la comunicaci\u00f3 de dades a tercers no estigui emparada a les bases legals establertes a l&#039;apartat anterior, la comunicaci\u00f3 de dades a altres destinataris nom\u00e9s es realitzar\u00e0 si l&#039;usuari ha donat el seu consentiment expr\u00e9s.<\/p><p>Es mantenen uns criteris estrictes de selecci\u00f3 d&#039;encarregats de tractament i el comprom\u00eds contractual amb cadascun per complir i fer complir les obligacions establertes en mat\u00e8ria de protecci\u00f3 de dades.<\/p><p>En cas que hi hagi transfer\u00e8ncies internacionals de dades TAXUS REELS SL garantir\u00e0 que la transfer\u00e8ncia de les seves dades personals es realitza de conformitat amb les lleis de privadesa aplicables i, en particular, que s&#039;apliquin les mesures contractuals, t\u00e8cniques i organitzatives necess\u00e0ries, com les cl\u00e0usules contractuals est\u00e0ndard aprovades per la Comissi\u00f3 Europea.<\/p><p>Podeu obtenir m\u00e9s informaci\u00f3 sobre el tractament de les dades personals de la nostra organitzaci\u00f3 sol\u00b7licitant-la <a href=\"mailto: info@taxusreels.com\">AQU\u00cd<\/a><\/p><h3><strong>Mesures t\u00e8cniques i organitzatives de protecci\u00f3 de dades<\/strong><\/h3><p>Els suports compten amb les mesures t\u00e8cniques i organitzatives necess\u00e0ries que garanteixen la confidencialitat i la conservaci\u00f3 de les dades personals obtingudes a trav\u00e9s del web.<\/p><p>Les dades personals recollides des de la web s\u00f3n tractades mitjan\u00e7ant protocol HTML amb certificat SSL v\u00e0lid.<\/p><p>El personal implicat en les operacions de tractament de dades: acc\u00e9s, edici\u00f3, esborrat, etc\u2026 est\u00e0 capacitat per a aix\u00f2, format i comprom\u00e8s amb aquesta pol\u00edtica de protecci\u00f3 de dades.<\/p><h3><strong>Conservaci\u00f3 de les dades<\/strong><\/h3><p><strong>\u00a0<\/strong>Les dades de car\u00e0cter personal obtingudes a trav\u00e9s del formulari de contacte seran conservades el temps necessari per atendre la sol\u00b7licitud\/consulta realitzada.<\/p><p>Les dades de car\u00e0cter personal obtingudes a trav\u00e9s del formulari de comandes seran conservades mentre hi hagi una relaci\u00f3 contractual i\/o comercial amb vost\u00e8 o mentre vost\u00e8 no exerceixi el seu dret de supressi\u00f3, cancel\u00b7laci\u00f3 i\/o limitaci\u00f3 del tractament de les seves dades.<\/p><p>Ven\u00e7uda la relaci\u00f3 contractual mantindrem la informaci\u00f3 degudament bloquejada, sense donar-ne cap \u00fas, mentre pugui ser necess\u00e0ria per a l&#039;exercici o defensa de reclamacions o pugui derivar-se algun tipus de responsabilitat judicial, legal o contractual del seu tractament, que hagi de ser atesa i per a aix\u00f2 calgui la seva recuperaci\u00f3.<\/p><p>En cas que h\u00e0giu acceptat expressament l&#039;enviament d&#039;informaci\u00f3 comercial conservarem les vostres dades de contacte fins que ens comuniqueu la vostra decisi\u00f3 d&#039;anul\u00b7lar aquests enviaments comercials.<\/p><h3><strong>Informaci\u00f3 sobre l&#039;exist\u00e8ncia de decisions automatitzades ( inclosa l&#039;elaboraci\u00f3 de perfils)<\/strong><\/h3><p>Normalment no adoptem decisions autom\u00e0tiques, per\u00f2 quan ho fem deixarem clar que s&#039;est\u00e0 adoptant aquest tipus de decisi\u00f3. Tot i aix\u00f2, TAXUS REELS SL recull diversos apartats dedicats a la personalitzaci\u00f3 de serveis per tal de mostrar publicitat personalitzada en ingressar al seu lloc web i tamb\u00e9 per a l&#039;enviament de comunicacions personalitzades.<\/p><p>TAXUS REELS SL reconeix la possibilitat de fer perfils per millorar la seva oferta de productes o personalitzar l&#039;enviament d&#039;ofertes comercials o donar un tracte m\u00e9s personalitzat al client.<\/p><h3><strong>Oposici\u00f3 que les dades siguin tractades amb finalitats publicit\u00e0ries<\/strong><\/h3><p>Si doneu el vostre consentiment perqu\u00e8 utilitzessin les teves dades amb finalitats publicit\u00e0ries i no desitges continuar rebent publicitat, pots revocar el consentiment prestat en qualsevol moment ia trav\u00e9s de l&#039;enviament d&#039;un correu electr\u00f2nic a<a href=\"mailto: info@taxusreels.com\"> el nostre mail.<\/a><\/p><h3><strong>Canvis a la Pol\u00edtica de Privadesa<\/strong><\/h3><p>\u00c9s possible que modifiquem la informaci\u00f3 continguda en aquesta Pol\u00edtica de Privadesa i Cookies quan ho estimem convenient. En cas que ho fem, t&#039;ho notificarem per diferents vies a trav\u00e9s de la Plataforma (per exemple, mitjan\u00e7ant un banner, un pop-up o una notificaci\u00f3 push), o fins i tot t&#039;ho comunicarem a la teva adre\u00e7a de correu electr\u00f2nic quan el canvi en q\u00fcesti\u00f3 sigui significatiu envers la teva privadesa, de manera que puguis revisar els canvis, valorar-los i, si escau, oposar-te o donar-te de baixa en algun servei o funcionalitat. En qualsevol cas, et suggerim que revisis aquesta Pol\u00edtica de Privadesa i Cookies de tant en tant per si hi hagu\u00e9s canvis menors o introdu\u00efm alguna millora interactiva.<\/p><h3><strong>Serveis de bioseguretat i desinfecci\u00f3<\/strong><\/h3><p>Taxus&amp;Reels \u00e9s una empresa de<strong>\u00a0bioserveis<\/strong>, amb la nostra feina volem donar<strong>\u00a0soluci\u00f3 i seguiment<\/strong>\u00a0als desafiaments generats di\u00e0riament a les diferents \u00e0rees de la<strong>\u00a0producci\u00f3 animal, ind\u00fastria aliment\u00e0ria<\/strong>,\u00a0<strong>salut p\u00fablica<\/strong>\u00a0e\u00a0<strong>higiene ambiental<\/strong>, aix\u00ed com a\u00a0 <strong>defensa vegetal,\u00a0<\/strong>a Catalunya i Arag\u00f3.<\/p><h3><strong>Contacte<\/strong><\/h3><ul><li><a href=\"https:\/\/www.google.com\/maps\/dir\/biozoomedic\/data=!4m6!4m5!1m1!4e2!1m2!1m1!1s0xd4713374535f80d:0xb64b7dfa5b982a63?sa=X&amp;ved=2ahUKEwjniZL915r0AhVuDmMBHdnjBYEQ9Rd6BAgwEAU\">Pol.<\/a> Ind. Cam\u00ed dels Frares c\/C 23<\/li><li>info@taxusreels.com<\/li><li>973 25 70 61<\/li><\/ul><ul><li>N\u00fam. ROESP: 0090CAT-EL 0090CAT-SL<\/li><\/ul>\t\t\t\t\t\t\t\t<\/div>\n\t\t\t\t<\/div>\n\t\t\t\t\t<\/div>\n\t\t<\/div>\n\t\t\t\t\t<\/div>\n\t\t<\/section>\n\t\t\t\t<\/div>","protected":false},"excerpt":{"rendered":"<p>Pol\u00edtica de Privacidad Pol\u00edtica de privacidad y responsable de la protecci\u00f3n de datos El titular es el responsable de los datos personales que son recabados por la navegaci\u00f3n y uso de esta web conforme a los requisitos establecidos por el\u00a0REGLAMENTO (UE) 2016\/679\u00a0relativo a la protecci\u00f3n de datos de las personas f\u00edsicas as\u00ed como conforme a [&hellip;]<\/p>\n","protected":false},"author":2,"featured_media":0,"parent":0,"menu_order":0,"comment_status":"closed","ping_status":"closed","template":"","meta":{"_monsterinsights_skip_tracking":false,"_monsterinsights_sitenote_active":false,"_monsterinsights_sitenote_note":"","_monsterinsights_sitenote_category":0,"footnotes":""},"class_list":["post-3","page","type-page","status-publish","hentry"],"yoast_head":"<!-- This site is optimized with the Yoast SEO plugin v27.4 - https:\/\/yoast.com\/product\/yoast-seo-wordpress\/ -->\n<title>Pol\u00edtica de privacidad - Taxus&amp;Reels<\/title>\n<meta name=\"robots\" content=\"noindex, follow\" \/>\n<meta property=\"og:locale\" content=\"ca_ES\" \/>\n<meta property=\"og:type\" content=\"article\" \/>\n<meta property=\"og:title\" content=\"Pol\u00edtica de privacidad - Taxus&amp;Reels\" \/>\n<meta property=\"og:description\" content=\"Pol\u00edtica de Privacidad Pol\u00edtica de privacidad y responsable de la protecci\u00f3n de datos El titular es el responsable de los datos personales que son recabados por la navegaci\u00f3n y uso de esta web conforme a los requisitos establecidos por el\u00a0REGLAMENTO (UE) 2016\/679\u00a0relativo a la protecci\u00f3n de datos de las personas f\u00edsicas as\u00ed como conforme a [&hellip;]\" \/>\n<meta property=\"og:url\" content=\"https:\/\/taxusreels.com\/ca\/politica-privacidad\/\" \/>\n<meta property=\"og:site_name\" content=\"Taxus&amp;Reels\" \/>\n<meta property=\"article:modified_time\" content=\"2022-06-28T09:39:11+00:00\" \/>\n<meta name=\"twitter:card\" content=\"summary_large_image\" \/>\n<meta name=\"twitter:label1\" content=\"Temps estimat de lectura\" \/>\n\t<meta name=\"twitter:data1\" content=\"7 minuts\" \/>\n<script type=\"application\/ld+json\" class=\"yoast-schema-graph\">{\"@context\":\"https:\\\/\\\/schema.org\",\"@graph\":[{\"@type\":\"WebPage\",\"@id\":\"https:\\\/\\\/taxusreels.com\\\/politica-privacidad\\\/\",\"url\":\"https:\\\/\\\/taxusreels.com\\\/politica-privacidad\\\/\",\"name\":\"Pol\u00edtica de privacidad - Taxus&amp;Reels\",\"isPartOf\":{\"@id\":\"https:\\\/\\\/taxusreels.com\\\/#website\"},\"datePublished\":\"2022-02-01T09:43:00+00:00\",\"dateModified\":\"2022-06-28T09:39:11+00:00\",\"breadcrumb\":{\"@id\":\"https:\\\/\\\/taxusreels.com\\\/politica-privacidad\\\/#breadcrumb\"},\"inLanguage\":\"ca\",\"potentialAction\":[{\"@type\":\"ReadAction\",\"target\":[\"https:\\\/\\\/taxusreels.com\\\/politica-privacidad\\\/\"]}]},{\"@type\":\"BreadcrumbList\",\"@id\":\"https:\\\/\\\/taxusreels.com\\\/politica-privacidad\\\/#breadcrumb\",\"itemListElement\":[{\"@type\":\"ListItem\",\"position\":1,\"name\":\"Portada\",\"item\":\"https:\\\/\\\/taxusreels.com\\\/\"},{\"@type\":\"ListItem\",\"position\":2,\"name\":\"Pol\u00edtica de privacidad\"}]},{\"@type\":\"WebSite\",\"@id\":\"https:\\\/\\\/taxusreels.com\\\/#website\",\"url\":\"https:\\\/\\\/taxusreels.com\\\/\",\"name\":\"Taxus&amp;Reels\",\"description\":\"Bioseguridad, desinfecci\u00f3n y control de plagas\",\"publisher\":{\"@id\":\"https:\\\/\\\/taxusreels.com\\\/#organization\"},\"potentialAction\":[{\"@type\":\"SearchAction\",\"target\":{\"@type\":\"EntryPoint\",\"urlTemplate\":\"https:\\\/\\\/taxusreels.com\\\/?s={search_term_string}\"},\"query-input\":{\"@type\":\"PropertyValueSpecification\",\"valueRequired\":true,\"valueName\":\"search_term_string\"}}],\"inLanguage\":\"ca\"},{\"@type\":\"Organization\",\"@id\":\"https:\\\/\\\/taxusreels.com\\\/#organization\",\"name\":\"Taxus&Reels\",\"url\":\"https:\\\/\\\/taxusreels.com\\\/\",\"logo\":{\"@type\":\"ImageObject\",\"inLanguage\":\"ca\",\"@id\":\"https:\\\/\\\/taxusreels.com\\\/#\\\/schema\\\/logo\\\/image\\\/\",\"url\":\"https:\\\/\\\/taxus-reels-a.c.wetopi.com\\\/wp-content\\\/uploads\\\/2022\\\/03\\\/logo_taxusreels_250x220.png\",\"contentUrl\":\"https:\\\/\\\/taxus-reels-a.c.wetopi.com\\\/wp-content\\\/uploads\\\/2022\\\/03\\\/logo_taxusreels_250x220.png\",\"width\":250,\"height\":220,\"caption\":\"Taxus&Reels\"},\"image\":{\"@id\":\"https:\\\/\\\/taxusreels.com\\\/#\\\/schema\\\/logo\\\/image\\\/\"}}]}<\/script>\n<!-- \/ Yoast SEO plugin. -->","yoast_head_json":{"title":"Pol\u00edtica de privadesa - Taxus&amp;Reels","robots":{"index":"noindex","follow":"follow"},"og_locale":"ca_ES","og_type":"article","og_title":"Pol\u00edtica de privacidad - Taxus&amp;Reels","og_description":"Pol\u00edtica de Privacidad Pol\u00edtica de privacidad y responsable de la protecci\u00f3n de datos El titular es el responsable de los datos personales que son recabados por la navegaci\u00f3n y uso de esta web conforme a los requisitos establecidos por el\u00a0REGLAMENTO (UE) 2016\/679\u00a0relativo a la protecci\u00f3n de datos de las personas f\u00edsicas as\u00ed como conforme a [&hellip;]","og_url":"https:\/\/taxusreels.com\/ca\/politica-privacidad\/","og_site_name":"Taxus&amp;Reels","article_modified_time":"2022-06-28T09:39:11+00:00","twitter_card":"summary_large_image","twitter_misc":{"Temps estimat de lectura":"7 minuts"},"schema":{"@context":"https:\/\/schema.org","@graph":[{"@type":"WebPage","@id":"https:\/\/taxusreels.com\/politica-privacidad\/","url":"https:\/\/taxusreels.com\/politica-privacidad\/","name":"Pol\u00edtica de privadesa - Taxus&amp;Reels","isPartOf":{"@id":"https:\/\/taxusreels.com\/#website"},"datePublished":"2022-02-01T09:43:00+00:00","dateModified":"2022-06-28T09:39:11+00:00","breadcrumb":{"@id":"https:\/\/taxusreels.com\/politica-privacidad\/#breadcrumb"},"inLanguage":"ca","potentialAction":[{"@type":"ReadAction","target":["https:\/\/taxusreels.com\/politica-privacidad\/"]}]},{"@type":"BreadcrumbList","@id":"https:\/\/taxusreels.com\/politica-privacidad\/#breadcrumb","itemListElement":[{"@type":"ListItem","position":1,"name":"Portada","item":"https:\/\/taxusreels.com\/"},{"@type":"ListItem","position":2,"name":"Pol\u00edtica de privacidad"}]},{"@type":"WebSite","@id":"https:\/\/taxusreels.com\/#website","url":"https:\/\/taxusreels.com\/","name":"Taxus&amp;Reels","description":"Bioseguretat, desinfecci\u00f3 i control de plagues","publisher":{"@id":"https:\/\/taxusreels.com\/#organization"},"potentialAction":[{"@type":"SearchAction","target":{"@type":"EntryPoint","urlTemplate":"https:\/\/taxusreels.com\/?s={search_term_string}"},"query-input":{"@type":"PropertyValueSpecification","valueRequired":true,"valueName":"search_term_string"}}],"inLanguage":"ca"},{"@type":"Organization","@id":"https:\/\/taxusreels.com\/#organization","name":"Taxus&amp;Reels","url":"https:\/\/taxusreels.com\/","logo":{"@type":"ImageObject","inLanguage":"ca","@id":"https:\/\/taxusreels.com\/#\/schema\/logo\/image\/","url":"https:\/\/taxus-reels-a.c.wetopi.com\/wp-content\/uploads\/2022\/03\/logo_taxusreels_250x220.png","contentUrl":"https:\/\/taxus-reels-a.c.wetopi.com\/wp-content\/uploads\/2022\/03\/logo_taxusreels_250x220.png","width":250,"height":220,"caption":"Taxus&Reels"},"image":{"@id":"https:\/\/taxusreels.com\/#\/schema\/logo\/image\/"}}]}},"_links":{"self":[{"href":"https:\/\/taxusreels.com\/ca\/wp-json\/wp\/v2\/pages\/3","targetHints":{"allow":["GET"]}}],"collection":[{"href":"https:\/\/taxusreels.com\/ca\/wp-json\/wp\/v2\/pages"}],"about":[{"href":"https:\/\/taxusreels.com\/ca\/wp-json\/wp\/v2\/types\/page"}],"author":[{"embeddable":true,"href":"https:\/\/taxusreels.com\/ca\/wp-json\/wp\/v2\/users\/2"}],"replies":[{"embeddable":true,"href":"https:\/\/taxusreels.com\/ca\/wp-json\/wp\/v2\/comments?post=3"}],"version-history":[{"count":3,"href":"https:\/\/taxusreels.com\/ca\/wp-json\/wp\/v2\/pages\/3\/revisions"}],"predecessor-version":[{"id":6326,"href":"https:\/\/taxusreels.com\/ca\/wp-json\/wp\/v2\/pages\/3\/revisions\/6326"}],"wp:attachment":[{"href":"https:\/\/taxusreels.com\/ca\/wp-json\/wp\/v2\/media?parent=3"}],"curies":[{"name":"wp","href":"https:\/\/api.w.org\/{rel}","templated":true}]}}